{"id":1950,"date":"2025-08-20T13:14:10","date_gmt":"2025-08-20T13:14:10","guid":{"rendered":"http:\/\/barsante.com.ar\/disegno\/producto\/sin%20categor\u00eda\/atrani\/"},"modified":"2026-02-13T11:49:55","modified_gmt":"2026-02-13T11:49:55","slug":"atrani","status":"publish","type":"product","link":"http:\/\/barsante.com.ar\/disegno\/producto\/mesas\/mesas-de-apoyo\/atrani\/","title":{"rendered":"atrani"},"content":{"rendered":"<p>La mesa Atrani fue concebida bajo el concepto de R\u00edo de Janeiro, evocando la carpinter\u00eda atemporal de la vieja escuela, el ic\u00f3nico Cristo Redentor y el surf caracter\u00edstico de su litoral. Son elementos de distintos \u00e1mbitos que, sin embargo, representan la esencia de su gente. Esta l\u00ednea rinde homenaje a una de las ciudades m\u00e1s bellas del mundo.<\/p>\n","protected":false},"excerpt":{"rendered":"<p>La mesa Atrani fue concebida bajo el concepto de R\u00edo de Janeiro, evocando la carpinter\u00eda atemporal de la vieja escuela, el ic\u00f3nico Cristo Redentor y el surf caracter\u00edstico de su litoral. Son elementos de distintos \u00e1mbitos que, sin embargo, representan la esencia de su gente. Esta l\u00ednea rinde homenaje a una de las ciudades m\u00e1s [&hellip;]<\/p>\n","protected":false},"featured_media":2169,"comment_status":"closed","ping_status":"closed","template":"","meta":{"_et_pb_use_builder":"","_et_pb_old_content":"","_et_gb_content_width":""},"product_brand":[],"product_cat":[29],"product_tag":[44],"class_list":{"0":"post-1950","1":"product","2":"type-product","3":"status-publish","4":"has-post-thumbnail","6":"product_cat-mesas-de-apoyo","7":"product_tag-5_fotos","9":"first","10":"instock","11":"product-type-simple"},"_links":{"self":[{"href":"http:\/\/barsante.com.ar\/disegno\/wp-json\/wp\/v2\/product\/1950","targetHints":{"allow":["GET"]}}],"collection":[{"href":"http:\/\/barsante.com.ar\/disegno\/wp-json\/wp\/v2\/product"}],"about":[{"href":"http:\/\/barsante.com.ar\/disegno\/wp-json\/wp\/v2\/types\/product"}],"replies":[{"embeddable":true,"href":"http:\/\/barsante.com.ar\/disegno\/wp-json\/wp\/v2\/comments?post=1950"}],"wp:featuredmedia":[{"embeddable":true,"href":"http:\/\/barsante.com.ar\/disegno\/wp-json\/wp\/v2\/media\/2169"}],"wp:attachment":[{"href":"http:\/\/barsante.com.ar\/disegno\/wp-json\/wp\/v2\/media?parent=1950"}],"wp:term":[{"taxonomy":"product_brand","embeddable":true,"href":"http:\/\/barsante.com.ar\/disegno\/wp-json\/wp\/v2\/product_brand?post=1950"},{"taxonomy":"product_cat","embeddable":true,"href":"http:\/\/barsante.com.ar\/disegno\/wp-json\/wp\/v2\/product_cat?post=1950"},{"taxonomy":"product_tag","embeddable":true,"href":"http:\/\/barsante.com.ar\/disegno\/wp-json\/wp\/v2\/product_tag?post=1950"}],"curies":[{"name":"wp","href":"https:\/\/api.w.org\/{rel}","templated":true}]}}