{"id":1951,"date":"2025-08-20T13:14:10","date_gmt":"2025-08-20T13:14:10","guid":{"rendered":"http:\/\/barsante.com.ar\/disegno\/producto\/sin%20categor\u00eda\/baro\/"},"modified":"2026-02-09T12:16:10","modified_gmt":"2026-02-09T12:16:10","slug":"baro","status":"publish","type":"product","link":"http:\/\/barsante.com.ar\/disegno\/producto\/mesas\/carros\/baro\/","title":{"rendered":"baro"},"content":{"rendered":"<p>Infinitas posibilidades de configuraci\u00f3n pueden generarse en el carro, que sorprende por la mezcla de diferentes materiales, acabados y detalles, creando una caracter\u00edstica \u00fanica llena de significado y atracci\u00f3n. Estructura met\u00e1lica. Las ruedas, la bandeja y el tirador est\u00e1n hechos de madera maciza de tauar\u00ed. Encimeras de MDF revestidas con l\u00e1mina natural de madera de cinamomo. Asas de la bandeja hechas de cuero reconstituido, disponible en color marr\u00f3n y negro.<\/p>\n","protected":false},"excerpt":{"rendered":"<p>Infinitas posibilidades de configuraci\u00f3n pueden generarse en el carro, que sorprende por la mezcla de diferentes materiales, acabados y detalles, creando una caracter\u00edstica \u00fanica llena de significado y atracci\u00f3n. Estructura met\u00e1lica. Las ruedas, la bandeja y el tirador est\u00e1n hechos de madera maciza de tauar\u00ed. Encimeras de MDF revestidas con l\u00e1mina natural de madera de [&hellip;]<\/p>\n","protected":false},"featured_media":2972,"comment_status":"closed","ping_status":"closed","template":"","meta":{"_et_pb_use_builder":"","_et_pb_old_content":"","_et_gb_content_width":""},"product_brand":[],"product_cat":[30],"product_tag":[38],"class_list":{"0":"post-1951","1":"product","2":"type-product","3":"status-publish","4":"has-post-thumbnail","6":"product_cat-carros","7":"product_tag-9_fotos","9":"first","10":"instock","11":"product-type-simple"},"_links":{"self":[{"href":"http:\/\/barsante.com.ar\/disegno\/wp-json\/wp\/v2\/product\/1951","targetHints":{"allow":["GET"]}}],"collection":[{"href":"http:\/\/barsante.com.ar\/disegno\/wp-json\/wp\/v2\/product"}],"about":[{"href":"http:\/\/barsante.com.ar\/disegno\/wp-json\/wp\/v2\/types\/product"}],"replies":[{"embeddable":true,"href":"http:\/\/barsante.com.ar\/disegno\/wp-json\/wp\/v2\/comments?post=1951"}],"wp:featuredmedia":[{"embeddable":true,"href":"http:\/\/barsante.com.ar\/disegno\/wp-json\/wp\/v2\/media\/2972"}],"wp:attachment":[{"href":"http:\/\/barsante.com.ar\/disegno\/wp-json\/wp\/v2\/media?parent=1951"}],"wp:term":[{"taxonomy":"product_brand","embeddable":true,"href":"http:\/\/barsante.com.ar\/disegno\/wp-json\/wp\/v2\/product_brand?post=1951"},{"taxonomy":"product_cat","embeddable":true,"href":"http:\/\/barsante.com.ar\/disegno\/wp-json\/wp\/v2\/product_cat?post=1951"},{"taxonomy":"product_tag","embeddable":true,"href":"http:\/\/barsante.com.ar\/disegno\/wp-json\/wp\/v2\/product_tag?post=1951"}],"curies":[{"name":"wp","href":"https:\/\/api.w.org\/{rel}","templated":true}]}}