{"id":1954,"date":"2025-08-20T13:14:10","date_gmt":"2025-08-20T13:14:10","guid":{"rendered":"http:\/\/barsante.com.ar\/disegno\/producto\/sin%20categor\u00eda\/bologna\/"},"modified":"2026-02-18T12:09:02","modified_gmt":"2026-02-18T12:09:02","slug":"bologna","status":"publish","type":"product","link":"http:\/\/barsante.com.ar\/disegno\/producto\/mesas\/mesas-de-comedor\/bologna\/","title":{"rendered":"bologna"},"content":{"rendered":"<p>La linea Bologna combina lo moderno con lo contempor\u00e1neo, realzado por el encanto de la madera. Su base presenta un dise\u00f1o que se adapta f\u00e1cilmente a diferentes tipos de ambientes. Su sobre con esquinas redondeadas aporta un toque de estilo y confort adicional a tu hogar.<\/p>\n<p>Medidas: Base Bologna: L 180 a 220cm<br \/>\nTapa Capri: 220x110cm | 180x100cm<\/p>\n","protected":false},"excerpt":{"rendered":"<p>La linea Bologna combina lo moderno con lo contempor\u00e1neo, realzado por el encanto de la madera. Su base presenta un dise\u00f1o que se adapta f\u00e1cilmente a diferentes tipos de ambientes. Su sobre con esquinas redondeadas aporta un toque de estilo y confort adicional a tu hogar. Medidas: Base Bologna: L 180 a 220cm Tapa Capri: [&hellip;]<\/p>\n","protected":false},"featured_media":2670,"comment_status":"closed","ping_status":"closed","template":"","meta":{"_et_pb_use_builder":"","_et_pb_old_content":"","_et_gb_content_width":""},"product_brand":[],"product_cat":[27],"product_tag":[44],"class_list":{"0":"post-1954","1":"product","2":"type-product","3":"status-publish","4":"has-post-thumbnail","6":"product_cat-mesas-de-comedor","7":"product_tag-5_fotos","9":"first","10":"instock","11":"product-type-simple"},"_links":{"self":[{"href":"http:\/\/barsante.com.ar\/disegno\/wp-json\/wp\/v2\/product\/1954","targetHints":{"allow":["GET"]}}],"collection":[{"href":"http:\/\/barsante.com.ar\/disegno\/wp-json\/wp\/v2\/product"}],"about":[{"href":"http:\/\/barsante.com.ar\/disegno\/wp-json\/wp\/v2\/types\/product"}],"replies":[{"embeddable":true,"href":"http:\/\/barsante.com.ar\/disegno\/wp-json\/wp\/v2\/comments?post=1954"}],"wp:featuredmedia":[{"embeddable":true,"href":"http:\/\/barsante.com.ar\/disegno\/wp-json\/wp\/v2\/media\/2670"}],"wp:attachment":[{"href":"http:\/\/barsante.com.ar\/disegno\/wp-json\/wp\/v2\/media?parent=1954"}],"wp:term":[{"taxonomy":"product_brand","embeddable":true,"href":"http:\/\/barsante.com.ar\/disegno\/wp-json\/wp\/v2\/product_brand?post=1954"},{"taxonomy":"product_cat","embeddable":true,"href":"http:\/\/barsante.com.ar\/disegno\/wp-json\/wp\/v2\/product_cat?post=1954"},{"taxonomy":"product_tag","embeddable":true,"href":"http:\/\/barsante.com.ar\/disegno\/wp-json\/wp\/v2\/product_tag?post=1954"}],"curies":[{"name":"wp","href":"https:\/\/api.w.org\/{rel}","templated":true}]}}