{"id":1961,"date":"2025-08-20T13:14:10","date_gmt":"2025-08-20T13:14:10","guid":{"rendered":"http:\/\/barsante.com.ar\/disegno\/producto\/sin%20categor\u00eda\/giuseppe\/"},"modified":"2026-02-09T12:25:23","modified_gmt":"2026-02-09T12:25:23","slug":"giuseppe","status":"publish","type":"product","link":"http:\/\/barsante.com.ar\/disegno\/producto\/mesas\/carros\/giuseppe\/","title":{"rendered":"giuseppe"},"content":{"rendered":"<p>Destaca por su tama\u00f1o reducido y ruedas de gran tama\u00f1o, combinando sus superficies con diferentes formatos y mezclando materiales como la madera y el metal, lo que da como resultado un mueble con un dise\u00f1o elegante y funcional. Es una opci\u00f3n compacta para apoyar bebidas en el comedor o junto a un sof\u00e1 o sill\u00f3n en la sala de estar.<\/p>\n","protected":false},"excerpt":{"rendered":"<p>Destaca por su tama\u00f1o reducido y ruedas de gran tama\u00f1o, combinando sus superficies con diferentes formatos y mezclando materiales como la madera y el metal, lo que da como resultado un mueble con un dise\u00f1o elegante y funcional. Es una opci\u00f3n compacta para apoyar bebidas en el comedor o junto a un sof\u00e1 o sill\u00f3n [&hellip;]<\/p>\n","protected":false},"featured_media":2140,"comment_status":"closed","ping_status":"closed","template":"","meta":{"_et_pb_use_builder":"","_et_pb_old_content":"","_et_gb_content_width":""},"product_brand":[],"product_cat":[30],"product_tag":[41],"class_list":{"0":"post-1961","1":"product","2":"type-product","3":"status-publish","4":"has-post-thumbnail","6":"product_cat-carros","7":"product_tag-0_fotos","9":"first","10":"instock","11":"product-type-simple"},"_links":{"self":[{"href":"http:\/\/barsante.com.ar\/disegno\/wp-json\/wp\/v2\/product\/1961","targetHints":{"allow":["GET"]}}],"collection":[{"href":"http:\/\/barsante.com.ar\/disegno\/wp-json\/wp\/v2\/product"}],"about":[{"href":"http:\/\/barsante.com.ar\/disegno\/wp-json\/wp\/v2\/types\/product"}],"replies":[{"embeddable":true,"href":"http:\/\/barsante.com.ar\/disegno\/wp-json\/wp\/v2\/comments?post=1961"}],"wp:featuredmedia":[{"embeddable":true,"href":"http:\/\/barsante.com.ar\/disegno\/wp-json\/wp\/v2\/media\/2140"}],"wp:attachment":[{"href":"http:\/\/barsante.com.ar\/disegno\/wp-json\/wp\/v2\/media?parent=1961"}],"wp:term":[{"taxonomy":"product_brand","embeddable":true,"href":"http:\/\/barsante.com.ar\/disegno\/wp-json\/wp\/v2\/product_brand?post=1961"},{"taxonomy":"product_cat","embeddable":true,"href":"http:\/\/barsante.com.ar\/disegno\/wp-json\/wp\/v2\/product_cat?post=1961"},{"taxonomy":"product_tag","embeddable":true,"href":"http:\/\/barsante.com.ar\/disegno\/wp-json\/wp\/v2\/product_tag?post=1961"}],"curies":[{"name":"wp","href":"https:\/\/api.w.org\/{rel}","templated":true}]}}