{"id":1963,"date":"2025-08-20T13:14:10","date_gmt":"2025-08-20T13:14:10","guid":{"rendered":"http:\/\/barsante.com.ar\/disegno\/producto\/sin%20categor\u00eda\/lecco\/"},"modified":"2025-08-20T19:03:04","modified_gmt":"2025-08-20T19:03:04","slug":"lecco","status":"publish","type":"product","link":"http:\/\/barsante.com.ar\/disegno\/producto\/mesas\/carros\/lecco\/","title":{"rendered":"lecco"},"content":{"rendered":"<p>La l\u00ednea fue concebida bajo la esencia de R\u00edo de Janeiro, evocando la ebanister\u00eda atemporal de la vieja escuela, la ic\u00f3nica figura del Cristo Redentor y la energ\u00eda del surf en su litoral. Aunque provienen de \u00e1mbitos distintos, estos elementos representan la identidad y el esp\u00edritu de su gente. Esta colecci\u00f3n rinde homenaje a una de las ciudades m\u00e1s bellas del mundo.<\/p>\n","protected":false},"excerpt":{"rendered":"<p>La l\u00ednea fue concebida bajo la esencia de R\u00edo de Janeiro, evocando la ebanister\u00eda atemporal de la vieja escuela, la ic\u00f3nica figura del Cristo Redentor y la energ\u00eda del surf en su litoral. Aunque provienen de \u00e1mbitos distintos, estos elementos representan la identidad y el esp\u00edritu de su gente. Esta colecci\u00f3n rinde homenaje a una [&hellip;]<\/p>\n","protected":false},"featured_media":2127,"comment_status":"closed","ping_status":"closed","template":"","meta":{"_et_pb_use_builder":"","_et_pb_old_content":"","_et_gb_content_width":""},"product_brand":[],"product_cat":[30],"product_tag":[44],"class_list":{"0":"post-1963","1":"product","2":"type-product","3":"status-publish","4":"has-post-thumbnail","6":"product_cat-carros","7":"product_tag-5_fotos","9":"first","10":"instock","11":"product-type-simple"},"_links":{"self":[{"href":"http:\/\/barsante.com.ar\/disegno\/wp-json\/wp\/v2\/product\/1963","targetHints":{"allow":["GET"]}}],"collection":[{"href":"http:\/\/barsante.com.ar\/disegno\/wp-json\/wp\/v2\/product"}],"about":[{"href":"http:\/\/barsante.com.ar\/disegno\/wp-json\/wp\/v2\/types\/product"}],"replies":[{"embeddable":true,"href":"http:\/\/barsante.com.ar\/disegno\/wp-json\/wp\/v2\/comments?post=1963"}],"wp:featuredmedia":[{"embeddable":true,"href":"http:\/\/barsante.com.ar\/disegno\/wp-json\/wp\/v2\/media\/2127"}],"wp:attachment":[{"href":"http:\/\/barsante.com.ar\/disegno\/wp-json\/wp\/v2\/media?parent=1963"}],"wp:term":[{"taxonomy":"product_brand","embeddable":true,"href":"http:\/\/barsante.com.ar\/disegno\/wp-json\/wp\/v2\/product_brand?post=1963"},{"taxonomy":"product_cat","embeddable":true,"href":"http:\/\/barsante.com.ar\/disegno\/wp-json\/wp\/v2\/product_cat?post=1963"},{"taxonomy":"product_tag","embeddable":true,"href":"http:\/\/barsante.com.ar\/disegno\/wp-json\/wp\/v2\/product_tag?post=1963"}],"curies":[{"name":"wp","href":"https:\/\/api.w.org\/{rel}","templated":true}]}}