{"id":1965,"date":"2025-08-20T13:14:10","date_gmt":"2025-08-20T13:14:10","guid":{"rendered":"http:\/\/barsante.com.ar\/disegno\/producto\/sin%20categor\u00eda\/livorno\/"},"modified":"2025-08-20T19:03:21","modified_gmt":"2025-08-20T19:03:21","slug":"livorno","status":"publish","type":"product","link":"http:\/\/barsante.com.ar\/disegno\/producto\/mesas\/mesas-de-apoyo\/livorno\/","title":{"rendered":"livorno"},"content":{"rendered":"<p>Uni\u00f3n de materiales diversos en una configuraci\u00f3n poco usual.<br \/>\nLa estructura met\u00e1lica crea una sensaci\u00f3n de flotaci\u00f3n del tablero, con un dise\u00f1o elaborado que une las dos partes de la mesa con coherencia y belleza.<\/p>\n<p>La combinaci\u00f3n de la pieza de madera, el aro met\u00e1lico y el concreto genera diferentes texturas en armon\u00eda con formas que se complementan a la perfecci\u00f3n.<\/p>\n<p>Medidas:<br \/>\nMesa Alta: A 60cm | L 40cm | P 40cm<br \/>\nMesa Baja: A 56cm | L 40cm | P 40cm<\/p>\n","protected":false},"excerpt":{"rendered":"<p>Uni\u00f3n de materiales diversos en una configuraci\u00f3n poco usual. La estructura met\u00e1lica crea una sensaci\u00f3n de flotaci\u00f3n del tablero, con un dise\u00f1o elaborado que une las dos partes de la mesa con coherencia y belleza. La combinaci\u00f3n de la pieza de madera, el aro met\u00e1lico y el concreto genera diferentes texturas en armon\u00eda con formas [&hellip;]<\/p>\n","protected":false},"featured_media":2123,"comment_status":"closed","ping_status":"closed","template":"","meta":{"_et_pb_use_builder":"","_et_pb_old_content":"","_et_gb_content_width":""},"product_brand":[],"product_cat":[29],"product_tag":[44],"class_list":{"0":"post-1965","1":"product","2":"type-product","3":"status-publish","4":"has-post-thumbnail","6":"product_cat-mesas-de-apoyo","7":"product_tag-5_fotos","9":"first","10":"instock","11":"product-type-simple"},"_links":{"self":[{"href":"http:\/\/barsante.com.ar\/disegno\/wp-json\/wp\/v2\/product\/1965","targetHints":{"allow":["GET"]}}],"collection":[{"href":"http:\/\/barsante.com.ar\/disegno\/wp-json\/wp\/v2\/product"}],"about":[{"href":"http:\/\/barsante.com.ar\/disegno\/wp-json\/wp\/v2\/types\/product"}],"replies":[{"embeddable":true,"href":"http:\/\/barsante.com.ar\/disegno\/wp-json\/wp\/v2\/comments?post=1965"}],"wp:featuredmedia":[{"embeddable":true,"href":"http:\/\/barsante.com.ar\/disegno\/wp-json\/wp\/v2\/media\/2123"}],"wp:attachment":[{"href":"http:\/\/barsante.com.ar\/disegno\/wp-json\/wp\/v2\/media?parent=1965"}],"wp:term":[{"taxonomy":"product_brand","embeddable":true,"href":"http:\/\/barsante.com.ar\/disegno\/wp-json\/wp\/v2\/product_brand?post=1965"},{"taxonomy":"product_cat","embeddable":true,"href":"http:\/\/barsante.com.ar\/disegno\/wp-json\/wp\/v2\/product_cat?post=1965"},{"taxonomy":"product_tag","embeddable":true,"href":"http:\/\/barsante.com.ar\/disegno\/wp-json\/wp\/v2\/product_tag?post=1965"}],"curies":[{"name":"wp","href":"https:\/\/api.w.org\/{rel}","templated":true}]}}