{"id":1970,"date":"2025-08-20T13:14:24","date_gmt":"2025-08-20T13:14:24","guid":{"rendered":"http:\/\/barsante.com.ar\/disegno\/producto\/sin%20categor\u00eda\/molise\/"},"modified":"2026-02-13T11:55:11","modified_gmt":"2026-02-13T11:55:11","slug":"molise","status":"publish","type":"product","link":"http:\/\/barsante.com.ar\/disegno\/producto\/mesas\/mesas-de-apoyo\/molise\/","title":{"rendered":"molise"},"content":{"rendered":"<p>Escult\u00f3rica en su forma, esta mesa se convierte en un detalle especial dentro de los espacios, aportando ligereza y, al mismo tiempo, una fuerte expresi\u00f3n est\u00e9tica. Su dise\u00f1o combina practicidad y funcionalidad, permitiendo un f\u00e1cil desplazamiento y la posibilidad de adaptarse a diferentes ambientes del hogar.<\/p>\n","protected":false},"excerpt":{"rendered":"<p>Escult\u00f3rica en su forma, esta mesa se convierte en un detalle especial dentro de los espacios, aportando ligereza y, al mismo tiempo, una fuerte expresi\u00f3n est\u00e9tica. Su dise\u00f1o combina practicidad y funcionalidad, permitiendo un f\u00e1cil desplazamiento y la posibilidad de adaptarse a diferentes ambientes del hogar.<\/p>\n","protected":false},"featured_media":3109,"comment_status":"closed","ping_status":"closed","template":"","meta":{"_et_pb_use_builder":"","_et_pb_old_content":"","_et_gb_content_width":""},"product_brand":[],"product_cat":[29],"product_tag":[44],"class_list":{"0":"post-1970","1":"product","2":"type-product","3":"status-publish","4":"has-post-thumbnail","6":"product_cat-mesas-de-apoyo","7":"product_tag-5_fotos","9":"first","10":"instock","11":"product-type-simple"},"_links":{"self":[{"href":"http:\/\/barsante.com.ar\/disegno\/wp-json\/wp\/v2\/product\/1970","targetHints":{"allow":["GET"]}}],"collection":[{"href":"http:\/\/barsante.com.ar\/disegno\/wp-json\/wp\/v2\/product"}],"about":[{"href":"http:\/\/barsante.com.ar\/disegno\/wp-json\/wp\/v2\/types\/product"}],"replies":[{"embeddable":true,"href":"http:\/\/barsante.com.ar\/disegno\/wp-json\/wp\/v2\/comments?post=1970"}],"wp:featuredmedia":[{"embeddable":true,"href":"http:\/\/barsante.com.ar\/disegno\/wp-json\/wp\/v2\/media\/3109"}],"wp:attachment":[{"href":"http:\/\/barsante.com.ar\/disegno\/wp-json\/wp\/v2\/media?parent=1970"}],"wp:term":[{"taxonomy":"product_brand","embeddable":true,"href":"http:\/\/barsante.com.ar\/disegno\/wp-json\/wp\/v2\/product_brand?post=1970"},{"taxonomy":"product_cat","embeddable":true,"href":"http:\/\/barsante.com.ar\/disegno\/wp-json\/wp\/v2\/product_cat?post=1970"},{"taxonomy":"product_tag","embeddable":true,"href":"http:\/\/barsante.com.ar\/disegno\/wp-json\/wp\/v2\/product_tag?post=1970"}],"curies":[{"name":"wp","href":"https:\/\/api.w.org\/{rel}","templated":true}]}}