{"id":1972,"date":"2025-08-20T13:14:24","date_gmt":"2025-08-20T13:14:24","guid":{"rendered":"http:\/\/barsante.com.ar\/disegno\/producto\/sin%20categor\u00eda\/pompeya\/"},"modified":"2025-12-23T17:30:47","modified_gmt":"2025-12-23T17:30:47","slug":"pompeya","status":"publish","type":"product","link":"http:\/\/barsante.com.ar\/disegno\/producto\/mesas\/mesas-de-centro\/pompeya\/","title":{"rendered":"pompeya"},"content":{"rendered":"<p>La mesa de centro Pompeya posee un dise\u00f1o simple y moderno, que aporta valor a tu ambiente sin llamar demasiado la atenci\u00f3n. Al ser m\u00e1s discreta, \u00a1combina con casi todo.<br \/>\nEstructura: Toda la estructura est\u00e1 fabricada en MDF multilaminado y finalizada en los acabados disponibles.<\/p>\n<p>Medidas:<br \/>\nGrande: L 1,60 x P 0,60 x H 0,30<br \/>\nMediana: L 1,40 x P 0,60 x H 0,30<\/p>\n","protected":false},"excerpt":{"rendered":"<p>La mesa de centro Pompeya posee un dise\u00f1o simple y moderno, que aporta valor a tu ambiente sin llamar demasiado la atenci\u00f3n. Al ser m\u00e1s discreta, \u00a1combina con casi todo. Estructura: Toda la estructura est\u00e1 fabricada en MDF multilaminado y finalizada en los acabados disponibles. Medidas: Grande: L 1,60 x P 0,60 x H 0,30 [&hellip;]<\/p>\n","protected":false},"featured_media":2562,"comment_status":"closed","ping_status":"closed","template":"","meta":{"_et_pb_use_builder":"","_et_pb_old_content":"","_et_gb_content_width":""},"product_brand":[],"product_cat":[28],"product_tag":[42],"class_list":{"0":"post-1972","1":"product","2":"type-product","3":"status-publish","4":"has-post-thumbnail","6":"product_cat-mesas-de-centro","7":"product_tag-2_fotos","9":"first","10":"instock","11":"product-type-simple"},"_links":{"self":[{"href":"http:\/\/barsante.com.ar\/disegno\/wp-json\/wp\/v2\/product\/1972","targetHints":{"allow":["GET"]}}],"collection":[{"href":"http:\/\/barsante.com.ar\/disegno\/wp-json\/wp\/v2\/product"}],"about":[{"href":"http:\/\/barsante.com.ar\/disegno\/wp-json\/wp\/v2\/types\/product"}],"replies":[{"embeddable":true,"href":"http:\/\/barsante.com.ar\/disegno\/wp-json\/wp\/v2\/comments?post=1972"}],"wp:featuredmedia":[{"embeddable":true,"href":"http:\/\/barsante.com.ar\/disegno\/wp-json\/wp\/v2\/media\/2562"}],"wp:attachment":[{"href":"http:\/\/barsante.com.ar\/disegno\/wp-json\/wp\/v2\/media?parent=1972"}],"wp:term":[{"taxonomy":"product_brand","embeddable":true,"href":"http:\/\/barsante.com.ar\/disegno\/wp-json\/wp\/v2\/product_brand?post=1972"},{"taxonomy":"product_cat","embeddable":true,"href":"http:\/\/barsante.com.ar\/disegno\/wp-json\/wp\/v2\/product_cat?post=1972"},{"taxonomy":"product_tag","embeddable":true,"href":"http:\/\/barsante.com.ar\/disegno\/wp-json\/wp\/v2\/product_tag?post=1972"}],"curies":[{"name":"wp","href":"https:\/\/api.w.org\/{rel}","templated":true}]}}