{"id":1974,"date":"2025-08-20T13:14:24","date_gmt":"2025-08-20T13:14:24","guid":{"rendered":"http:\/\/barsante.com.ar\/disegno\/producto\/sin%20categor\u00eda\/roma\/"},"modified":"2026-02-19T12:19:50","modified_gmt":"2026-02-19T12:19:50","slug":"roma","status":"publish","type":"product","link":"http:\/\/barsante.com.ar\/disegno\/producto\/mesas\/mesas-de-centro\/roma\/","title":{"rendered":"roma"},"content":{"rendered":"<p>Compuesta por esbeltas l\u00edneas curvas y rectas que, a trav\u00e9s de una sutil uni\u00f3n, dan vida a una forma org\u00e1nica. Su base sigue el dise\u00f1o curvil\u00edneo del tablero, creando una armon\u00eda visual \u00fanica. Su elegante y delicado dise\u00f1o se integra con naturalidad en diversos ambientes, aportando un toque ligero y sofisticado.<\/p>\n<p>Medidas:<br \/>\nMesa de centro: A 30cm | L 150cm | P 90cm<br \/>\nMesa de t\u00e9: A 40cm | L 150cm | P 90cm<\/p>\n","protected":false},"excerpt":{"rendered":"<p>Compuesta por esbeltas l\u00edneas curvas y rectas que, a trav\u00e9s de una sutil uni\u00f3n, dan vida a una forma org\u00e1nica. Su base sigue el dise\u00f1o curvil\u00edneo del tablero, creando una armon\u00eda visual \u00fanica. Su elegante y delicado dise\u00f1o se integra con naturalidad en diversos ambientes, aportando un toque ligero y sofisticado. Medidas: Mesa de centro: [&hellip;]<\/p>\n","protected":false},"featured_media":2075,"comment_status":"closed","ping_status":"closed","template":"","meta":{"_et_pb_use_builder":"","_et_pb_old_content":"","_et_gb_content_width":""},"product_brand":[],"product_cat":[28],"product_tag":[41],"class_list":{"0":"post-1974","1":"product","2":"type-product","3":"status-publish","4":"has-post-thumbnail","6":"product_cat-mesas-de-centro","7":"product_tag-0_fotos","9":"first","10":"instock","11":"product-type-simple"},"_links":{"self":[{"href":"http:\/\/barsante.com.ar\/disegno\/wp-json\/wp\/v2\/product\/1974","targetHints":{"allow":["GET"]}}],"collection":[{"href":"http:\/\/barsante.com.ar\/disegno\/wp-json\/wp\/v2\/product"}],"about":[{"href":"http:\/\/barsante.com.ar\/disegno\/wp-json\/wp\/v2\/types\/product"}],"replies":[{"embeddable":true,"href":"http:\/\/barsante.com.ar\/disegno\/wp-json\/wp\/v2\/comments?post=1974"}],"wp:featuredmedia":[{"embeddable":true,"href":"http:\/\/barsante.com.ar\/disegno\/wp-json\/wp\/v2\/media\/2075"}],"wp:attachment":[{"href":"http:\/\/barsante.com.ar\/disegno\/wp-json\/wp\/v2\/media?parent=1974"}],"wp:term":[{"taxonomy":"product_brand","embeddable":true,"href":"http:\/\/barsante.com.ar\/disegno\/wp-json\/wp\/v2\/product_brand?post=1974"},{"taxonomy":"product_cat","embeddable":true,"href":"http:\/\/barsante.com.ar\/disegno\/wp-json\/wp\/v2\/product_cat?post=1974"},{"taxonomy":"product_tag","embeddable":true,"href":"http:\/\/barsante.com.ar\/disegno\/wp-json\/wp\/v2\/product_tag?post=1974"}],"curies":[{"name":"wp","href":"https:\/\/api.w.org\/{rel}","templated":true}]}}