{"id":1975,"date":"2025-08-20T13:14:24","date_gmt":"2025-08-20T13:14:24","guid":{"rendered":"http:\/\/barsante.com.ar\/disegno\/producto\/sin%20categor\u00eda\/ruocco\/"},"modified":"2025-08-20T19:04:58","modified_gmt":"2025-08-20T19:04:58","slug":"ruocco","status":"publish","type":"product","link":"http:\/\/barsante.com.ar\/disegno\/producto\/mesas\/carros\/ruocco\/","title":{"rendered":"ruocco"},"content":{"rendered":"<p>El Carro Ruocco revisita de manera moderna y desenfadada los antiguos carritos franceses que, desde hace casi un siglo, han conquistado al p\u00fablico con sus sinuosas curvas en los majestuosos salones parisinos.<\/p>\n<p>Su estructura principal de madera da vida a un ex\u00f3tico y complejo perfil ovalado, una forma poco explorada en la industria del mobiliario. En su concepci\u00f3n, la regla de oro fue centrar los esfuerzos creativos en la silueta para lograr un producto ligero y elegante. Sus dimensiones han sido cuidadosamente dise\u00f1adas para ofrecer comodidad, practicidad y movilidad en cualquier ambiente.<\/p>\n<p>Su tirador es flotante, con una apariencia desconectada de la estructura. Inspiradas en el \u201cparadoxo das rodas\u201d de Arist\u00f3teles y en los volantes de un solo radio de la d\u00e9cada de 1950, las ruedas del carro presentan un dise\u00f1o y una ingenier\u00eda inesperados, con una est\u00e9tica delicada y l\u00fadica que aporta el toque final a un producto \u00fanico e innovador.<\/p>\n","protected":false},"excerpt":{"rendered":"<p>El Carro Ruocco revisita de manera moderna y desenfadada los antiguos carritos franceses que, desde hace casi un siglo, han conquistado al p\u00fablico con sus sinuosas curvas en los majestuosos salones parisinos. Su estructura principal de madera da vida a un ex\u00f3tico y complejo perfil ovalado, una forma poco explorada en la industria del mobiliario. [&hellip;]<\/p>\n","protected":false},"featured_media":2067,"comment_status":"closed","ping_status":"closed","template":"","meta":{"_et_pb_use_builder":"","_et_pb_old_content":"","_et_gb_content_width":""},"product_brand":[],"product_cat":[30],"product_tag":[41],"class_list":{"0":"post-1975","1":"product","2":"type-product","3":"status-publish","4":"has-post-thumbnail","6":"product_cat-carros","7":"product_tag-0_fotos","9":"first","10":"instock","11":"product-type-simple"},"_links":{"self":[{"href":"http:\/\/barsante.com.ar\/disegno\/wp-json\/wp\/v2\/product\/1975","targetHints":{"allow":["GET"]}}],"collection":[{"href":"http:\/\/barsante.com.ar\/disegno\/wp-json\/wp\/v2\/product"}],"about":[{"href":"http:\/\/barsante.com.ar\/disegno\/wp-json\/wp\/v2\/types\/product"}],"replies":[{"embeddable":true,"href":"http:\/\/barsante.com.ar\/disegno\/wp-json\/wp\/v2\/comments?post=1975"}],"wp:featuredmedia":[{"embeddable":true,"href":"http:\/\/barsante.com.ar\/disegno\/wp-json\/wp\/v2\/media\/2067"}],"wp:attachment":[{"href":"http:\/\/barsante.com.ar\/disegno\/wp-json\/wp\/v2\/media?parent=1975"}],"wp:term":[{"taxonomy":"product_brand","embeddable":true,"href":"http:\/\/barsante.com.ar\/disegno\/wp-json\/wp\/v2\/product_brand?post=1975"},{"taxonomy":"product_cat","embeddable":true,"href":"http:\/\/barsante.com.ar\/disegno\/wp-json\/wp\/v2\/product_cat?post=1975"},{"taxonomy":"product_tag","embeddable":true,"href":"http:\/\/barsante.com.ar\/disegno\/wp-json\/wp\/v2\/product_tag?post=1975"}],"curies":[{"name":"wp","href":"https:\/\/api.w.org\/{rel}","templated":true}]}}