{"id":1977,"date":"2025-08-20T13:14:24","date_gmt":"2025-08-20T13:14:24","guid":{"rendered":"http:\/\/barsante.com.ar\/disegno\/producto\/sin%20categor\u00eda\/sorrento\/"},"modified":"2026-02-13T13:48:04","modified_gmt":"2026-02-13T13:48:04","slug":"sorrento","status":"publish","type":"product","link":"http:\/\/barsante.com.ar\/disegno\/producto\/mesas\/mesas-de-apoyo\/sorrento\/","title":{"rendered":"sorrento"},"content":{"rendered":"<p>Colecci\u00f3n de mesas l\u00fadicas y sofisticadas, las mesas Sorrento se inspiraron en los famosos vasos marajoaras y en la forma de las palmeras de la regi\u00f3n de Par\u00e1. El volumen de la madera torneada est\u00e1 envuelto por tubos de cobre, aportando ligereza y refinamiento a la pieza.<\/p>\n<p>Medidas:<br \/>\nMesa Alta: A 68cm | L 40cm | P 40cm<br \/>\nMesa Media: A 57cm | L 54cm | P 54cm<br \/>\nMesa Baja: A 40cm | L 46cm | P 46cm<\/p>\n","protected":false},"excerpt":{"rendered":"<p>Colecci\u00f3n de mesas l\u00fadicas y sofisticadas, las mesas Sorrento se inspiraron en los famosos vasos marajoaras y en la forma de las palmeras de la regi\u00f3n de Par\u00e1. El volumen de la madera torneada est\u00e1 envuelto por tubos de cobre, aportando ligereza y refinamiento a la pieza. Medidas: Mesa Alta: A 68cm | L 40cm [&hellip;]<\/p>\n","protected":false},"featured_media":3114,"comment_status":"closed","ping_status":"closed","template":"","meta":{"_et_pb_use_builder":"","_et_pb_old_content":"","_et_gb_content_width":""},"product_brand":[],"product_cat":[29],"product_tag":[41],"class_list":{"0":"post-1977","1":"product","2":"type-product","3":"status-publish","4":"has-post-thumbnail","6":"product_cat-mesas-de-apoyo","7":"product_tag-0_fotos","9":"first","10":"instock","11":"product-type-simple"},"_links":{"self":[{"href":"http:\/\/barsante.com.ar\/disegno\/wp-json\/wp\/v2\/product\/1977","targetHints":{"allow":["GET"]}}],"collection":[{"href":"http:\/\/barsante.com.ar\/disegno\/wp-json\/wp\/v2\/product"}],"about":[{"href":"http:\/\/barsante.com.ar\/disegno\/wp-json\/wp\/v2\/types\/product"}],"replies":[{"embeddable":true,"href":"http:\/\/barsante.com.ar\/disegno\/wp-json\/wp\/v2\/comments?post=1977"}],"wp:featuredmedia":[{"embeddable":true,"href":"http:\/\/barsante.com.ar\/disegno\/wp-json\/wp\/v2\/media\/3114"}],"wp:attachment":[{"href":"http:\/\/barsante.com.ar\/disegno\/wp-json\/wp\/v2\/media?parent=1977"}],"wp:term":[{"taxonomy":"product_brand","embeddable":true,"href":"http:\/\/barsante.com.ar\/disegno\/wp-json\/wp\/v2\/product_brand?post=1977"},{"taxonomy":"product_cat","embeddable":true,"href":"http:\/\/barsante.com.ar\/disegno\/wp-json\/wp\/v2\/product_cat?post=1977"},{"taxonomy":"product_tag","embeddable":true,"href":"http:\/\/barsante.com.ar\/disegno\/wp-json\/wp\/v2\/product_tag?post=1977"}],"curies":[{"name":"wp","href":"https:\/\/api.w.org\/{rel}","templated":true}]}}