{"id":1978,"date":"2025-08-20T13:14:24","date_gmt":"2025-08-20T13:14:24","guid":{"rendered":"http:\/\/barsante.com.ar\/disegno\/producto\/sin%20categor\u00eda\/taormina\/"},"modified":"2026-02-13T12:20:16","modified_gmt":"2026-02-13T12:20:16","slug":"taormina","status":"publish","type":"product","link":"http:\/\/barsante.com.ar\/disegno\/producto\/mesas\/mesas-de-apoyo\/taormina\/","title":{"rendered":"taormina"},"content":{"rendered":"<p>Disponible en tres alturas, las mesas Taormina son una apuesta funcional y vers\u00e1til para composiciones din\u00e1micas y alegres. Su dise\u00f1o moderno promueve energ\u00edas positivas a trav\u00e9s de la armoniosa combinaci\u00f3n de formas, acabados y materiales. Fabricada en madera maciza y metal, combina sofisticaci\u00f3n y resistencia, siendo la elecci\u00f3n ideal para espacios que valoran la est\u00e9tica y la practicidad.<\/p>\n<p>Medidas:<br \/>\nMesa Alta: A 55cm | L 30cm | P 30cm<br \/>\nMesa Media: A 50cm | L 30cm | P 30cm<br \/>\nMesa Baja: A 45cm | L 50cm | P 30cm<\/p>\n","protected":false},"excerpt":{"rendered":"<p>Disponible en tres alturas, las mesas Taormina son una apuesta funcional y vers\u00e1til para composiciones din\u00e1micas y alegres. Su dise\u00f1o moderno promueve energ\u00edas positivas a trav\u00e9s de la armoniosa combinaci\u00f3n de formas, acabados y materiales. Fabricada en madera maciza y metal, combina sofisticaci\u00f3n y resistencia, siendo la elecci\u00f3n ideal para espacios que valoran la est\u00e9tica [&hellip;]<\/p>\n","protected":false},"featured_media":3112,"comment_status":"closed","ping_status":"closed","template":"","meta":{"_et_pb_use_builder":"","_et_pb_old_content":"","_et_gb_content_width":""},"product_brand":[],"product_cat":[29],"product_tag":[42],"class_list":{"0":"post-1978","1":"product","2":"type-product","3":"status-publish","4":"has-post-thumbnail","6":"product_cat-mesas-de-apoyo","7":"product_tag-2_fotos","9":"first","10":"instock","11":"product-type-simple"},"_links":{"self":[{"href":"http:\/\/barsante.com.ar\/disegno\/wp-json\/wp\/v2\/product\/1978","targetHints":{"allow":["GET"]}}],"collection":[{"href":"http:\/\/barsante.com.ar\/disegno\/wp-json\/wp\/v2\/product"}],"about":[{"href":"http:\/\/barsante.com.ar\/disegno\/wp-json\/wp\/v2\/types\/product"}],"replies":[{"embeddable":true,"href":"http:\/\/barsante.com.ar\/disegno\/wp-json\/wp\/v2\/comments?post=1978"}],"wp:featuredmedia":[{"embeddable":true,"href":"http:\/\/barsante.com.ar\/disegno\/wp-json\/wp\/v2\/media\/3112"}],"wp:attachment":[{"href":"http:\/\/barsante.com.ar\/disegno\/wp-json\/wp\/v2\/media?parent=1978"}],"wp:term":[{"taxonomy":"product_brand","embeddable":true,"href":"http:\/\/barsante.com.ar\/disegno\/wp-json\/wp\/v2\/product_brand?post=1978"},{"taxonomy":"product_cat","embeddable":true,"href":"http:\/\/barsante.com.ar\/disegno\/wp-json\/wp\/v2\/product_cat?post=1978"},{"taxonomy":"product_tag","embeddable":true,"href":"http:\/\/barsante.com.ar\/disegno\/wp-json\/wp\/v2\/product_tag?post=1978"}],"curies":[{"name":"wp","href":"https:\/\/api.w.org\/{rel}","templated":true}]}}