{"id":1980,"date":"2025-08-20T13:14:24","date_gmt":"2025-08-20T13:14:24","guid":{"rendered":"http:\/\/barsante.com.ar\/disegno\/producto\/sin%20categor\u00eda\/varese\/"},"modified":"2026-02-13T12:10:33","modified_gmt":"2026-02-13T12:10:33","slug":"varese","status":"publish","type":"product","link":"http:\/\/barsante.com.ar\/disegno\/producto\/mesas\/mesas-de-apoyo\/varese\/","title":{"rendered":"varese"},"content":{"rendered":"<p>El dise\u00f1o de las mesas Varese est\u00e1 inspirado en la naturaleza, siguiendo la tendencia de la biofilia, que busca integrar la naturaleza en los espacios del hogar.<\/p>\n<p>El concepto busca traducir la poes\u00eda de un \u00e1rbol en el suelo y se evidencia en el pedestal de la mesa, que puede albergar una hoja o arreglos secos, complementando las l\u00e1minas de madera natural del tablero. Este, trabajado con marqueter\u00eda, evoca la memoria de las nervaduras de una hoja de \u00e1rbol, transmitiendo, junto a ellas, la sensaci\u00f3n de vida y libertad que la naturaleza ofrece.<\/p>\n<p>La base, formada por una esfera de madera, nos remite al suelo, las piedras y la propia madera, evocando una sensaci\u00f3n de descanso y seguridad.<\/p>\n","protected":false},"excerpt":{"rendered":"<p>El dise\u00f1o de las mesas Varese est\u00e1 inspirado en la naturaleza, siguiendo la tendencia de la biofilia, que busca integrar la naturaleza en los espacios del hogar. El concepto busca traducir la poes\u00eda de un \u00e1rbol en el suelo y se evidencia en el pedestal de la mesa, que puede albergar una hoja o arreglos [&hellip;]<\/p>\n","protected":false},"featured_media":3110,"comment_status":"closed","ping_status":"closed","template":"","meta":{"_et_pb_use_builder":"","_et_pb_old_content":"","_et_gb_content_width":""},"product_brand":[],"product_cat":[29],"product_tag":[42],"class_list":{"0":"post-1980","1":"product","2":"type-product","3":"status-publish","4":"has-post-thumbnail","6":"product_cat-mesas-de-apoyo","7":"product_tag-2_fotos","9":"first","10":"instock","11":"product-type-simple"},"_links":{"self":[{"href":"http:\/\/barsante.com.ar\/disegno\/wp-json\/wp\/v2\/product\/1980","targetHints":{"allow":["GET"]}}],"collection":[{"href":"http:\/\/barsante.com.ar\/disegno\/wp-json\/wp\/v2\/product"}],"about":[{"href":"http:\/\/barsante.com.ar\/disegno\/wp-json\/wp\/v2\/types\/product"}],"replies":[{"embeddable":true,"href":"http:\/\/barsante.com.ar\/disegno\/wp-json\/wp\/v2\/comments?post=1980"}],"wp:featuredmedia":[{"embeddable":true,"href":"http:\/\/barsante.com.ar\/disegno\/wp-json\/wp\/v2\/media\/3110"}],"wp:attachment":[{"href":"http:\/\/barsante.com.ar\/disegno\/wp-json\/wp\/v2\/media?parent=1980"}],"wp:term":[{"taxonomy":"product_brand","embeddable":true,"href":"http:\/\/barsante.com.ar\/disegno\/wp-json\/wp\/v2\/product_brand?post=1980"},{"taxonomy":"product_cat","embeddable":true,"href":"http:\/\/barsante.com.ar\/disegno\/wp-json\/wp\/v2\/product_cat?post=1980"},{"taxonomy":"product_tag","embeddable":true,"href":"http:\/\/barsante.com.ar\/disegno\/wp-json\/wp\/v2\/product_tag?post=1980"}],"curies":[{"name":"wp","href":"https:\/\/api.w.org\/{rel}","templated":true}]}}