{"id":1981,"date":"2025-08-20T13:14:24","date_gmt":"2025-08-20T13:14:24","guid":{"rendered":"http:\/\/barsante.com.ar\/disegno\/producto\/sin%20categor\u00eda\/venecia\/"},"modified":"2026-02-04T17:18:46","modified_gmt":"2026-02-04T17:18:46","slug":"uddine-3","status":"publish","type":"product","link":"http:\/\/barsante.com.ar\/disegno\/producto\/mesas\/mesas-de-centro\/uddine-3\/","title":{"rendered":"UDDINE"},"content":{"rendered":"<p>Aporta elementos de sofisticaci\u00f3n, fuerza y personalidad. Inspirada en los vinos italianos, elaborados con uvas Nebbiolo, esta pieza refleja su potencia, exclusividad y tradici\u00f3n. Al igual que estos vinos, que pueden envejecerse por m\u00e1s de 20 a\u00f1os, el dise\u00f1o busca transmitir una esencia atemporal y perdurable<\/p>\n","protected":false},"excerpt":{"rendered":"<p>Aporta elementos de sofisticaci\u00f3n, fuerza y personalidad. Inspirada en los vinos italianos, elaborados con uvas Nebbiolo, esta pieza refleja su potencia, exclusividad y tradici\u00f3n. Al igual que estos vinos, que pueden envejecerse por m\u00e1s de 20 a\u00f1os, el dise\u00f1o busca transmitir una esencia atemporal y perdurable<\/p>\n","protected":false},"featured_media":2564,"comment_status":"closed","ping_status":"closed","template":"","meta":{"_et_pb_use_builder":"","_et_pb_old_content":"","_et_gb_content_width":""},"product_brand":[],"product_cat":[28],"product_tag":[41],"class_list":{"0":"post-1981","1":"product","2":"type-product","3":"status-publish","4":"has-post-thumbnail","6":"product_cat-mesas-de-centro","7":"product_tag-0_fotos","9":"first","10":"instock","11":"product-type-simple"},"_links":{"self":[{"href":"http:\/\/barsante.com.ar\/disegno\/wp-json\/wp\/v2\/product\/1981","targetHints":{"allow":["GET"]}}],"collection":[{"href":"http:\/\/barsante.com.ar\/disegno\/wp-json\/wp\/v2\/product"}],"about":[{"href":"http:\/\/barsante.com.ar\/disegno\/wp-json\/wp\/v2\/types\/product"}],"replies":[{"embeddable":true,"href":"http:\/\/barsante.com.ar\/disegno\/wp-json\/wp\/v2\/comments?post=1981"}],"wp:featuredmedia":[{"embeddable":true,"href":"http:\/\/barsante.com.ar\/disegno\/wp-json\/wp\/v2\/media\/2564"}],"wp:attachment":[{"href":"http:\/\/barsante.com.ar\/disegno\/wp-json\/wp\/v2\/media?parent=1981"}],"wp:term":[{"taxonomy":"product_brand","embeddable":true,"href":"http:\/\/barsante.com.ar\/disegno\/wp-json\/wp\/v2\/product_brand?post=1981"},{"taxonomy":"product_cat","embeddable":true,"href":"http:\/\/barsante.com.ar\/disegno\/wp-json\/wp\/v2\/product_cat?post=1981"},{"taxonomy":"product_tag","embeddable":true,"href":"http:\/\/barsante.com.ar\/disegno\/wp-json\/wp\/v2\/product_tag?post=1981"}],"curies":[{"name":"wp","href":"https:\/\/api.w.org\/{rel}","templated":true}]}}