{"id":2104,"date":"2025-08-20T16:44:52","date_gmt":"2025-08-20T16:44:52","guid":{"rendered":"http:\/\/barsante.com.ar\/disegno\/?post_type=product&#038;p=2104"},"modified":"2025-12-23T16:41:01","modified_gmt":"2025-12-23T16:41:01","slug":"bologna-mesa-baja","status":"publish","type":"product","link":"http:\/\/barsante.com.ar\/disegno\/producto\/mesas\/mesas-de-centro\/bologna-mesa-baja\/","title":{"rendered":"bologna"},"content":{"rendered":"<p>La linea Bologna combina lo moderno con lo contempor\u00e1neo, realzado por el encanto de la madera. Su base presenta un dise\u00f1o que se adapta f\u00e1cilmente a diferentes tipos de ambientes. Su sobre con esquinas redondeadas aporta un toque de estilo y confort adicional a tu hogar.<\/p>\n","protected":false},"excerpt":{"rendered":"<p>La linea Bologna combina lo moderno con lo contempor\u00e1neo, realzado por el encanto de la madera. Su base presenta un dise\u00f1o que se adapta f\u00e1cilmente a diferentes tipos de ambientes. Su sobre con esquinas redondeadas aporta un toque de estilo y confort adicional a tu hogar.<\/p>\n","protected":false},"featured_media":2551,"comment_status":"closed","ping_status":"closed","template":"","meta":{"_et_pb_use_builder":"","_et_pb_old_content":"","_et_gb_content_width":""},"product_brand":[],"product_cat":[28],"product_tag":[42],"class_list":{"0":"post-2104","1":"product","2":"type-product","3":"status-publish","4":"has-post-thumbnail","6":"product_cat-mesas-de-centro","7":"product_tag-2_fotos","9":"first","10":"instock","11":"product-type-simple"},"_links":{"self":[{"href":"http:\/\/barsante.com.ar\/disegno\/wp-json\/wp\/v2\/product\/2104","targetHints":{"allow":["GET"]}}],"collection":[{"href":"http:\/\/barsante.com.ar\/disegno\/wp-json\/wp\/v2\/product"}],"about":[{"href":"http:\/\/barsante.com.ar\/disegno\/wp-json\/wp\/v2\/types\/product"}],"replies":[{"embeddable":true,"href":"http:\/\/barsante.com.ar\/disegno\/wp-json\/wp\/v2\/comments?post=2104"}],"wp:featuredmedia":[{"embeddable":true,"href":"http:\/\/barsante.com.ar\/disegno\/wp-json\/wp\/v2\/media\/2551"}],"wp:attachment":[{"href":"http:\/\/barsante.com.ar\/disegno\/wp-json\/wp\/v2\/media?parent=2104"}],"wp:term":[{"taxonomy":"product_brand","embeddable":true,"href":"http:\/\/barsante.com.ar\/disegno\/wp-json\/wp\/v2\/product_brand?post=2104"},{"taxonomy":"product_cat","embeddable":true,"href":"http:\/\/barsante.com.ar\/disegno\/wp-json\/wp\/v2\/product_cat?post=2104"},{"taxonomy":"product_tag","embeddable":true,"href":"http:\/\/barsante.com.ar\/disegno\/wp-json\/wp\/v2\/product_tag?post=2104"}],"curies":[{"name":"wp","href":"https:\/\/api.w.org\/{rel}","templated":true}]}}