{"id":2194,"date":"2025-08-20T17:19:53","date_gmt":"2025-08-20T17:19:53","guid":{"rendered":"http:\/\/barsante.com.ar\/disegno\/?post_type=product&#038;p=2194"},"modified":"2026-01-29T15:05:21","modified_gmt":"2026-01-29T15:05:21","slug":"mesa-de-apoyo-arezzo","status":"publish","type":"product","link":"http:\/\/barsante.com.ar\/disegno\/producto\/mesas\/mesas-de-apoyo\/mesa-de-apoyo-arezzo\/","title":{"rendered":"arezzo"},"content":{"rendered":"<p>La mesa de centro Arezzo, dise\u00f1ada por Patrick Paim, es una pieza vers\u00e1til y elegante que a\u00f1ade encanto a cualquier sala de estar. Disponible en tres tama\u00f1os diferentes para adaptarse a las preferencias y necesidades de cada espacio.<\/p>\n<p>Medidas Mesas de centro:<br \/>\nMesa Alta: A 42.5cm | L 61.9cm | P 45.6cm<br \/>\nMesa Media: A 37.7cm | L 92.1cm | P 82.3cm<br \/>\nMesa Baja: A 30.2cm | L 122.4cm | P 86.3cm<\/p>\n","protected":false},"excerpt":{"rendered":"<p>La mesa de centro Arezzo, dise\u00f1ada por Patrick Paim, es una pieza vers\u00e1til y elegante que a\u00f1ade encanto a cualquier sala de estar. Disponible en tres tama\u00f1os diferentes para adaptarse a las preferencias y necesidades de cada espacio. Medidas Mesas de centro: Mesa Alta: A 42.5cm | L 61.9cm | P 45.6cm Mesa Media: A [&hellip;]<\/p>\n","protected":false},"featured_media":2195,"comment_status":"closed","ping_status":"closed","template":"","meta":{"_et_pb_use_builder":"on","_et_pb_old_content":"La mesa de centro Arezzo, dise\u00f1ada por Patrick Paim, es una pieza vers\u00e1til y elegante que a\u00f1ade encanto a cualquier sala de estar. Disponible en tres tama\u00f1os diferentes para adaptarse a las preferencias y necesidades de cada espacio.\r\n\r\nMedidas Mesas de centro:\r\nMesa Alta: A 42.5cm | L 61.9cm | P 45.6cm\r\nMesa Media: A 37.7cm | L 92.1cm | P 82.3cm\r\nMesa Baja: A 30.2cm | L 122.4cm | P 86.3cm","_et_gb_content_width":""},"product_brand":[],"product_cat":[29],"product_tag":[38],"class_list":{"0":"post-2194","1":"product","2":"type-product","3":"status-publish","4":"has-post-thumbnail","6":"product_cat-mesas-de-apoyo","7":"product_tag-9_fotos","9":"first","10":"instock","11":"product-type-simple"},"_links":{"self":[{"href":"http:\/\/barsante.com.ar\/disegno\/wp-json\/wp\/v2\/product\/2194","targetHints":{"allow":["GET"]}}],"collection":[{"href":"http:\/\/barsante.com.ar\/disegno\/wp-json\/wp\/v2\/product"}],"about":[{"href":"http:\/\/barsante.com.ar\/disegno\/wp-json\/wp\/v2\/types\/product"}],"replies":[{"embeddable":true,"href":"http:\/\/barsante.com.ar\/disegno\/wp-json\/wp\/v2\/comments?post=2194"}],"wp:featuredmedia":[{"embeddable":true,"href":"http:\/\/barsante.com.ar\/disegno\/wp-json\/wp\/v2\/media\/2195"}],"wp:attachment":[{"href":"http:\/\/barsante.com.ar\/disegno\/wp-json\/wp\/v2\/media?parent=2194"}],"wp:term":[{"taxonomy":"product_brand","embeddable":true,"href":"http:\/\/barsante.com.ar\/disegno\/wp-json\/wp\/v2\/product_brand?post=2194"},{"taxonomy":"product_cat","embeddable":true,"href":"http:\/\/barsante.com.ar\/disegno\/wp-json\/wp\/v2\/product_cat?post=2194"},{"taxonomy":"product_tag","embeddable":true,"href":"http:\/\/barsante.com.ar\/disegno\/wp-json\/wp\/v2\/product_tag?post=2194"}],"curies":[{"name":"wp","href":"https:\/\/api.w.org\/{rel}","templated":true}]}}