{"id":2359,"date":"2025-11-28T15:38:07","date_gmt":"2025-11-28T15:38:07","guid":{"rendered":"http:\/\/barsante.com.ar\/disegno\/?post_type=product&#038;p=2359"},"modified":"2026-02-18T11:39:58","modified_gmt":"2026-02-18T11:39:58","slug":"lovere","status":"publish","type":"product","link":"http:\/\/barsante.com.ar\/disegno\/producto\/mesas\/mesas-de-comedor\/lovere\/","title":{"rendered":"Lovere"},"content":{"rendered":"<p data-pm-slice=\"1 1 []\">Escult\u00f3ricas y minimalistas son los principales adjetivos de la mesa Lovere. Sus formas, levemente opuestas pero complementarias, se unen en una perfecta armon\u00eda.<\/p>\n<p>La base de concreto posee una proporci\u00f3n que garantiza estabilidad en cualquier altura, mientras que el fuste torneado con precisi\u00f3n parece brotar m\u00e1gicamente de la base.<\/p>\n<p>La congruencia entre la base y el tapa es el elemento sorprendente que suaviza el conjunto, otorg\u00e1ndole un car\u00e1cter delicado y atemporal.<\/p>\n","protected":false},"excerpt":{"rendered":"<p>Escult\u00f3ricas y minimalistas son los principales adjetivos de la mesa Lovere. Sus formas, levemente opuestas pero complementarias, se unen en una perfecta armon\u00eda. La base de concreto posee una proporci\u00f3n que garantiza estabilidad en cualquier altura, mientras que el fuste torneado con precisi\u00f3n parece brotar m\u00e1gicamente de la base. La congruencia entre la base y [&hellip;]<\/p>\n","protected":false},"featured_media":2360,"comment_status":"open","ping_status":"closed","template":"","meta":{"_et_pb_use_builder":"","_et_pb_old_content":"","_et_gb_content_width":""},"product_brand":[],"product_cat":[27],"product_tag":[],"class_list":{"0":"post-2359","1":"product","2":"type-product","3":"status-publish","4":"has-post-thumbnail","6":"product_cat-mesas-de-comedor","8":"first","9":"instock","10":"shipping-taxable","11":"product-type-simple"},"_links":{"self":[{"href":"http:\/\/barsante.com.ar\/disegno\/wp-json\/wp\/v2\/product\/2359","targetHints":{"allow":["GET"]}}],"collection":[{"href":"http:\/\/barsante.com.ar\/disegno\/wp-json\/wp\/v2\/product"}],"about":[{"href":"http:\/\/barsante.com.ar\/disegno\/wp-json\/wp\/v2\/types\/product"}],"replies":[{"embeddable":true,"href":"http:\/\/barsante.com.ar\/disegno\/wp-json\/wp\/v2\/comments?post=2359"}],"wp:featuredmedia":[{"embeddable":true,"href":"http:\/\/barsante.com.ar\/disegno\/wp-json\/wp\/v2\/media\/2360"}],"wp:attachment":[{"href":"http:\/\/barsante.com.ar\/disegno\/wp-json\/wp\/v2\/media?parent=2359"}],"wp:term":[{"taxonomy":"product_brand","embeddable":true,"href":"http:\/\/barsante.com.ar\/disegno\/wp-json\/wp\/v2\/product_brand?post=2359"},{"taxonomy":"product_cat","embeddable":true,"href":"http:\/\/barsante.com.ar\/disegno\/wp-json\/wp\/v2\/product_cat?post=2359"},{"taxonomy":"product_tag","embeddable":true,"href":"http:\/\/barsante.com.ar\/disegno\/wp-json\/wp\/v2\/product_tag?post=2359"}],"curies":[{"name":"wp","href":"https:\/\/api.w.org\/{rel}","templated":true}]}}