{"id":2397,"date":"2025-11-28T18:23:56","date_gmt":"2025-11-28T18:23:56","guid":{"rendered":"http:\/\/barsante.com.ar\/disegno\/?post_type=product&#038;p=2397"},"modified":"2026-01-26T17:04:45","modified_gmt":"2026-01-26T17:04:45","slug":"piacenza","status":"publish","type":"product","link":"http:\/\/barsante.com.ar\/disegno\/producto\/mesas\/mesas-de-comedor\/piacenza\/","title":{"rendered":"Piacenza"},"content":{"rendered":"<p data-pm-slice=\"1 1 []\">La mesa Piacenza tiene una base central en madera de Tauari y la tapa es en MDF enchapado, ambas con terminaci\u00f3n de color negra. Una pieza vers\u00e1til que puede ser utilizada como mesa de comedor para espacios m\u00e1s peque\u00f1os o mesa de apoyo.<\/p>\n","protected":false},"excerpt":{"rendered":"<p>La mesa Piacenza tiene una base central en madera de Tauari y la tapa es en MDF enchapado, ambas con terminaci\u00f3n de color negra. Una pieza vers\u00e1til que puede ser utilizada como mesa de comedor para espacios m\u00e1s peque\u00f1os o mesa de apoyo.<\/p>\n","protected":false},"featured_media":2679,"comment_status":"open","ping_status":"closed","template":"","meta":{"_et_pb_use_builder":"","_et_pb_old_content":"","_et_gb_content_width":""},"product_brand":[],"product_cat":[27],"product_tag":[],"class_list":{"0":"post-2397","1":"product","2":"type-product","3":"status-publish","4":"has-post-thumbnail","6":"product_cat-mesas-de-comedor","8":"first","9":"instock","10":"shipping-taxable","11":"product-type-simple"},"_links":{"self":[{"href":"http:\/\/barsante.com.ar\/disegno\/wp-json\/wp\/v2\/product\/2397","targetHints":{"allow":["GET"]}}],"collection":[{"href":"http:\/\/barsante.com.ar\/disegno\/wp-json\/wp\/v2\/product"}],"about":[{"href":"http:\/\/barsante.com.ar\/disegno\/wp-json\/wp\/v2\/types\/product"}],"replies":[{"embeddable":true,"href":"http:\/\/barsante.com.ar\/disegno\/wp-json\/wp\/v2\/comments?post=2397"}],"wp:featuredmedia":[{"embeddable":true,"href":"http:\/\/barsante.com.ar\/disegno\/wp-json\/wp\/v2\/media\/2679"}],"wp:attachment":[{"href":"http:\/\/barsante.com.ar\/disegno\/wp-json\/wp\/v2\/media?parent=2397"}],"wp:term":[{"taxonomy":"product_brand","embeddable":true,"href":"http:\/\/barsante.com.ar\/disegno\/wp-json\/wp\/v2\/product_brand?post=2397"},{"taxonomy":"product_cat","embeddable":true,"href":"http:\/\/barsante.com.ar\/disegno\/wp-json\/wp\/v2\/product_cat?post=2397"},{"taxonomy":"product_tag","embeddable":true,"href":"http:\/\/barsante.com.ar\/disegno\/wp-json\/wp\/v2\/product_tag?post=2397"}],"curies":[{"name":"wp","href":"https:\/\/api.w.org\/{rel}","templated":true}]}}