{"id":2404,"date":"2025-11-28T18:37:28","date_gmt":"2025-11-28T18:37:28","guid":{"rendered":"http:\/\/barsante.com.ar\/disegno\/?post_type=product&#038;p=2404"},"modified":"2026-01-23T17:37:21","modified_gmt":"2026-01-23T17:37:21","slug":"pietra-2","status":"publish","type":"product","link":"http:\/\/barsante.com.ar\/disegno\/producto\/mesas\/mesas-de-comedor\/pietra-2\/","title":{"rendered":"Pietra"},"content":{"rendered":"<p data-pm-slice=\"1 1 []\">La base, modelada como una obra de arte, recrea las formas de una roca natural, como si hubiera sido extra\u00edda directamente de la naturaleza, pero utilizando la m\u00e1s avanzada tecnolog\u00eda aplicada en la alta joyer\u00eda y sus softwares de \u00faltima generaci\u00f3n.<\/p>\n<p>El hormig\u00f3n empleado en su fabricaci\u00f3n permite que la pieza se utilice en los m\u00e1s diversos entornos, reforzando el concepto \u00abIn-between\u00bb, que transita entre los espacios interiores y exteriores cubiertos, capaces de recibir humedad en su parte inferior sin alterar la calidad del producto.<\/p>\n<p>Los tableros pueden adoptar diferentes formas -ovaladas, rectangulares, redondas u org\u00e1nicas- y pueden apoyarse sobre una o dos bases, seg\u00fan el uso.<\/p>\n","protected":false},"excerpt":{"rendered":"<p>La base, modelada como una obra de arte, recrea las formas de una roca natural, como si hubiera sido extra\u00edda directamente de la naturaleza, pero utilizando la m\u00e1s avanzada tecnolog\u00eda aplicada en la alta joyer\u00eda y sus softwares de \u00faltima generaci\u00f3n. El hormig\u00f3n empleado en su fabricaci\u00f3n permite que la pieza se utilice en los [&hellip;]<\/p>\n","protected":false},"featured_media":2675,"comment_status":"open","ping_status":"closed","template":"","meta":{"_et_pb_use_builder":"","_et_pb_old_content":"","_et_gb_content_width":""},"product_brand":[],"product_cat":[27],"product_tag":[],"class_list":{"0":"post-2404","1":"product","2":"type-product","3":"status-publish","4":"has-post-thumbnail","6":"product_cat-mesas-de-comedor","8":"first","9":"instock","10":"shipping-taxable","11":"product-type-simple"},"_links":{"self":[{"href":"http:\/\/barsante.com.ar\/disegno\/wp-json\/wp\/v2\/product\/2404","targetHints":{"allow":["GET"]}}],"collection":[{"href":"http:\/\/barsante.com.ar\/disegno\/wp-json\/wp\/v2\/product"}],"about":[{"href":"http:\/\/barsante.com.ar\/disegno\/wp-json\/wp\/v2\/types\/product"}],"replies":[{"embeddable":true,"href":"http:\/\/barsante.com.ar\/disegno\/wp-json\/wp\/v2\/comments?post=2404"}],"wp:featuredmedia":[{"embeddable":true,"href":"http:\/\/barsante.com.ar\/disegno\/wp-json\/wp\/v2\/media\/2675"}],"wp:attachment":[{"href":"http:\/\/barsante.com.ar\/disegno\/wp-json\/wp\/v2\/media?parent=2404"}],"wp:term":[{"taxonomy":"product_brand","embeddable":true,"href":"http:\/\/barsante.com.ar\/disegno\/wp-json\/wp\/v2\/product_brand?post=2404"},{"taxonomy":"product_cat","embeddable":true,"href":"http:\/\/barsante.com.ar\/disegno\/wp-json\/wp\/v2\/product_cat?post=2404"},{"taxonomy":"product_tag","embeddable":true,"href":"http:\/\/barsante.com.ar\/disegno\/wp-json\/wp\/v2\/product_tag?post=2404"}],"curies":[{"name":"wp","href":"https:\/\/api.w.org\/{rel}","templated":true}]}}