{"id":2414,"date":"2025-11-28T19:01:38","date_gmt":"2025-11-28T19:01:38","guid":{"rendered":"http:\/\/barsante.com.ar\/disegno\/?post_type=product&#038;p=2414"},"modified":"2026-03-26T15:25:44","modified_gmt":"2026-03-26T15:25:44","slug":"venzone","status":"publish","type":"product","link":"http:\/\/barsante.com.ar\/disegno\/producto\/mesas\/mesas-de-comedor\/venzone\/","title":{"rendered":"Venzone"},"content":{"rendered":"<p data-pm-slice=\"1 1 []\">La mesa de comedor Venzone combina elegancia y versatilidad en un dise\u00f1o sofisticado y funcional, perfecta para comidas en familia, cenas \u00edntimas o encuentros sociales. Con l\u00edneas limpias y contempor\u00e1neas, se adapta f\u00e1cilmente a diferentes estilos de decoraci\u00f3n. Ya sea en momentos formales o casuales, la mesa de comedor Venzone crea el escenario perfecto para compartir buenos momentos aportando un toque de elegancia atemporal al ambiente.<\/p>\n","protected":false},"excerpt":{"rendered":"<p>La mesa de comedor Venzone combina elegancia y versatilidad en un dise\u00f1o sofisticado y funcional, perfecta para comidas en familia, cenas \u00edntimas o encuentros sociales. Con l\u00edneas limpias y contempor\u00e1neas, se adapta f\u00e1cilmente a diferentes estilos de decoraci\u00f3n. Ya sea en momentos formales o casuales, la mesa de comedor Venzone crea el escenario perfecto para [&hellip;]<\/p>\n","protected":false},"featured_media":2680,"comment_status":"open","ping_status":"closed","template":"","meta":{"_et_pb_use_builder":"","_et_pb_old_content":"","_et_gb_content_width":""},"product_brand":[],"product_cat":[27],"product_tag":[],"class_list":{"0":"post-2414","1":"product","2":"type-product","3":"status-publish","4":"has-post-thumbnail","6":"product_cat-mesas-de-comedor","8":"first","9":"instock","10":"shipping-taxable","11":"product-type-simple"},"_links":{"self":[{"href":"http:\/\/barsante.com.ar\/disegno\/wp-json\/wp\/v2\/product\/2414","targetHints":{"allow":["GET"]}}],"collection":[{"href":"http:\/\/barsante.com.ar\/disegno\/wp-json\/wp\/v2\/product"}],"about":[{"href":"http:\/\/barsante.com.ar\/disegno\/wp-json\/wp\/v2\/types\/product"}],"replies":[{"embeddable":true,"href":"http:\/\/barsante.com.ar\/disegno\/wp-json\/wp\/v2\/comments?post=2414"}],"wp:featuredmedia":[{"embeddable":true,"href":"http:\/\/barsante.com.ar\/disegno\/wp-json\/wp\/v2\/media\/2680"}],"wp:attachment":[{"href":"http:\/\/barsante.com.ar\/disegno\/wp-json\/wp\/v2\/media?parent=2414"}],"wp:term":[{"taxonomy":"product_brand","embeddable":true,"href":"http:\/\/barsante.com.ar\/disegno\/wp-json\/wp\/v2\/product_brand?post=2414"},{"taxonomy":"product_cat","embeddable":true,"href":"http:\/\/barsante.com.ar\/disegno\/wp-json\/wp\/v2\/product_cat?post=2414"},{"taxonomy":"product_tag","embeddable":true,"href":"http:\/\/barsante.com.ar\/disegno\/wp-json\/wp\/v2\/product_tag?post=2414"}],"curies":[{"name":"wp","href":"https:\/\/api.w.org\/{rel}","templated":true}]}}