{"id":2537,"date":"2025-12-23T15:26:24","date_gmt":"2025-12-23T15:26:24","guid":{"rendered":"http:\/\/barsante.com.ar\/disegno\/?post_type=product&#038;p=2537"},"modified":"2026-01-20T03:01:37","modified_gmt":"2026-01-20T03:01:37","slug":"uddine-2","status":"publish","type":"product","link":"http:\/\/barsante.com.ar\/disegno\/producto\/mesas\/mesas-de-apoyo\/uddine-2\/","title":{"rendered":"Uddine"},"content":{"rendered":"<p data-pm-slice=\"1 1 []\">Esta mesa de apoyo re\u00fane sofisticaci\u00f3n, fuerza y personalidad. Inspirada en los tradicionales vinos italianos elaborados con uvas Nebbiolo, transmite potencia, exclusividad, tradici\u00f3n y longevidad, capaz de perdurar durante d\u00e9cadas sin perder su esencia.<\/p>\n<p>La mesa lateral presenta un tubo met\u00e1lico disponible en diversas opciones de color, junto con un estante interior que puede recibir acabados en laminado efecto piedra Carrara, cuero o chapa natural de roble americano.<\/p>\n","protected":false},"excerpt":{"rendered":"<p>Esta mesa de apoyo re\u00fane sofisticaci\u00f3n, fuerza y personalidad. Inspirada en los tradicionales vinos italianos elaborados con uvas Nebbiolo, transmite potencia, exclusividad, tradici\u00f3n y longevidad, capaz de perdurar durante d\u00e9cadas sin perder su esencia. La mesa lateral presenta un tubo met\u00e1lico disponible en diversas opciones de color, junto con un estante interior que puede recibir [&hellip;]<\/p>\n","protected":false},"featured_media":2538,"comment_status":"open","ping_status":"closed","template":"","meta":{"_et_pb_use_builder":"","_et_pb_old_content":"","_et_gb_content_width":""},"product_brand":[],"product_cat":[29],"product_tag":[],"class_list":{"0":"post-2537","1":"product","2":"type-product","3":"status-publish","4":"has-post-thumbnail","6":"product_cat-mesas-de-apoyo","8":"first","9":"instock","10":"shipping-taxable","11":"product-type-simple"},"_links":{"self":[{"href":"http:\/\/barsante.com.ar\/disegno\/wp-json\/wp\/v2\/product\/2537","targetHints":{"allow":["GET"]}}],"collection":[{"href":"http:\/\/barsante.com.ar\/disegno\/wp-json\/wp\/v2\/product"}],"about":[{"href":"http:\/\/barsante.com.ar\/disegno\/wp-json\/wp\/v2\/types\/product"}],"replies":[{"embeddable":true,"href":"http:\/\/barsante.com.ar\/disegno\/wp-json\/wp\/v2\/comments?post=2537"}],"wp:featuredmedia":[{"embeddable":true,"href":"http:\/\/barsante.com.ar\/disegno\/wp-json\/wp\/v2\/media\/2538"}],"wp:attachment":[{"href":"http:\/\/barsante.com.ar\/disegno\/wp-json\/wp\/v2\/media?parent=2537"}],"wp:term":[{"taxonomy":"product_brand","embeddable":true,"href":"http:\/\/barsante.com.ar\/disegno\/wp-json\/wp\/v2\/product_brand?post=2537"},{"taxonomy":"product_cat","embeddable":true,"href":"http:\/\/barsante.com.ar\/disegno\/wp-json\/wp\/v2\/product_cat?post=2537"},{"taxonomy":"product_tag","embeddable":true,"href":"http:\/\/barsante.com.ar\/disegno\/wp-json\/wp\/v2\/product_tag?post=2537"}],"curies":[{"name":"wp","href":"https:\/\/api.w.org\/{rel}","templated":true}]}}