{"id":2600,"date":"2026-01-05T13:51:26","date_gmt":"2026-01-05T13:51:26","guid":{"rendered":"http:\/\/barsante.com.ar\/disegno\/?post_type=product&#038;p=2600"},"modified":"2026-03-02T11:42:02","modified_gmt":"2026-03-02T11:42:02","slug":"apollo-2","status":"publish","type":"product","link":"http:\/\/barsante.com.ar\/disegno\/producto\/mesas\/escritorios\/apollo-2\/","title":{"rendered":"Apollo"},"content":{"rendered":"<p data-pm-slice=\"1 1 []\">Desde las m\u00e1rgenes de los r\u00edos, lagos y mares que componen Brasil, nace la l\u00ednea Apollo. Sus l\u00edneas rectas envuelven la estructura, as\u00ed como la orilla, con serenidad, abraza la agitaci\u00f3n de las aguas brasile\u00f1as.<\/p>\n<p>En 2024 el crecimiento de la l\u00ednea presenta dise\u00f1os inusitados que, al igual que las orlas, son capaces de adaptarse a los distintos ambientes gracias a la amplia variedad de acabados disponibles.<\/p>\n","protected":false},"excerpt":{"rendered":"<p>Desde las m\u00e1rgenes de los r\u00edos, lagos y mares que componen Brasil, nace la l\u00ednea Apollo. Sus l\u00edneas rectas envuelven la estructura, as\u00ed como la orilla, con serenidad, abraza la agitaci\u00f3n de las aguas brasile\u00f1as. En 2024 el crecimiento de la l\u00ednea presenta dise\u00f1os inusitados que, al igual que las orlas, son capaces de adaptarse [&hellip;]<\/p>\n","protected":false},"featured_media":2601,"comment_status":"open","ping_status":"closed","template":"","meta":{"_et_pb_use_builder":"","_et_pb_old_content":"","_et_gb_content_width":""},"product_brand":[],"product_cat":[53],"product_tag":[],"class_list":{"0":"post-2600","1":"product","2":"type-product","3":"status-publish","4":"has-post-thumbnail","6":"product_cat-escritorios","8":"first","9":"instock","10":"shipping-taxable","11":"product-type-simple"},"_links":{"self":[{"href":"http:\/\/barsante.com.ar\/disegno\/wp-json\/wp\/v2\/product\/2600","targetHints":{"allow":["GET"]}}],"collection":[{"href":"http:\/\/barsante.com.ar\/disegno\/wp-json\/wp\/v2\/product"}],"about":[{"href":"http:\/\/barsante.com.ar\/disegno\/wp-json\/wp\/v2\/types\/product"}],"replies":[{"embeddable":true,"href":"http:\/\/barsante.com.ar\/disegno\/wp-json\/wp\/v2\/comments?post=2600"}],"wp:featuredmedia":[{"embeddable":true,"href":"http:\/\/barsante.com.ar\/disegno\/wp-json\/wp\/v2\/media\/2601"}],"wp:attachment":[{"href":"http:\/\/barsante.com.ar\/disegno\/wp-json\/wp\/v2\/media?parent=2600"}],"wp:term":[{"taxonomy":"product_brand","embeddable":true,"href":"http:\/\/barsante.com.ar\/disegno\/wp-json\/wp\/v2\/product_brand?post=2600"},{"taxonomy":"product_cat","embeddable":true,"href":"http:\/\/barsante.com.ar\/disegno\/wp-json\/wp\/v2\/product_cat?post=2600"},{"taxonomy":"product_tag","embeddable":true,"href":"http:\/\/barsante.com.ar\/disegno\/wp-json\/wp\/v2\/product_tag?post=2600"}],"curies":[{"name":"wp","href":"https:\/\/api.w.org\/{rel}","templated":true}]}}