{"id":2870,"date":"2026-02-04T15:14:04","date_gmt":"2026-02-04T15:14:04","guid":{"rendered":"http:\/\/barsante.com.ar\/disegno\/?post_type=product&#038;p=2870"},"modified":"2026-03-26T15:59:30","modified_gmt":"2026-03-26T15:59:30","slug":"alma","status":"publish","type":"product","link":"http:\/\/barsante.com.ar\/disegno\/producto\/mesas\/mesas-de-centro\/alma\/","title":{"rendered":"BRENDA"},"content":{"rendered":"<p data-pm-slice=\"1 1 []\">Dise\u00f1o escandinavo contempor\u00e1neo.<\/p>\n<p>Una mesa funcional como mesa ratona o bien como mesa baja para usar con butacas o almohadones.<\/p>\n<p>Su dise\u00f1o elegante, pr\u00e1ctico y funcional para diferentes espacios, como oficinas, livings, terrazas, bares.<\/p>\n","protected":false},"excerpt":{"rendered":"<p>Dise\u00f1o escandinavo contempor\u00e1neo. Una mesa funcional como mesa ratona o bien como mesa baja para usar con butacas o almohadones. Su dise\u00f1o elegante, pr\u00e1ctico y funcional para diferentes espacios, como oficinas, livings, terrazas, bares.<\/p>\n","protected":false},"featured_media":2874,"comment_status":"open","ping_status":"closed","template":"","meta":{"_et_pb_use_builder":"","_et_pb_old_content":"","_et_gb_content_width":""},"product_brand":[],"product_cat":[28],"product_tag":[],"class_list":{"0":"post-2870","1":"product","2":"type-product","3":"status-publish","4":"has-post-thumbnail","6":"product_cat-mesas-de-centro","8":"first","9":"instock","10":"shipping-taxable","11":"product-type-simple"},"_links":{"self":[{"href":"http:\/\/barsante.com.ar\/disegno\/wp-json\/wp\/v2\/product\/2870","targetHints":{"allow":["GET"]}}],"collection":[{"href":"http:\/\/barsante.com.ar\/disegno\/wp-json\/wp\/v2\/product"}],"about":[{"href":"http:\/\/barsante.com.ar\/disegno\/wp-json\/wp\/v2\/types\/product"}],"replies":[{"embeddable":true,"href":"http:\/\/barsante.com.ar\/disegno\/wp-json\/wp\/v2\/comments?post=2870"}],"wp:featuredmedia":[{"embeddable":true,"href":"http:\/\/barsante.com.ar\/disegno\/wp-json\/wp\/v2\/media\/2874"}],"wp:attachment":[{"href":"http:\/\/barsante.com.ar\/disegno\/wp-json\/wp\/v2\/media?parent=2870"}],"wp:term":[{"taxonomy":"product_brand","embeddable":true,"href":"http:\/\/barsante.com.ar\/disegno\/wp-json\/wp\/v2\/product_brand?post=2870"},{"taxonomy":"product_cat","embeddable":true,"href":"http:\/\/barsante.com.ar\/disegno\/wp-json\/wp\/v2\/product_cat?post=2870"},{"taxonomy":"product_tag","embeddable":true,"href":"http:\/\/barsante.com.ar\/disegno\/wp-json\/wp\/v2\/product_tag?post=2870"}],"curies":[{"name":"wp","href":"https:\/\/api.w.org\/{rel}","templated":true}]}}