{"id":2889,"date":"2026-02-04T17:34:30","date_gmt":"2026-02-04T17:34:30","guid":{"rendered":"http:\/\/barsante.com.ar\/disegno\/?post_type=product&#038;p=2889"},"modified":"2026-02-04T17:56:08","modified_gmt":"2026-02-04T17:56:08","slug":"bari-circular","status":"publish","type":"product","link":"http:\/\/barsante.com.ar\/disegno\/producto\/mesas\/mesas-de-centro\/bari-circular\/","title":{"rendered":"BARI CIRCULAR"},"content":{"rendered":"<p data-pm-slice=\"1 1 []\">La mesa Bari surge como una expresi\u00f3n aut\u00e9ntica de la belleza org\u00e1nica del mar, inspirada en las formas redondeadas de las ostras abiertas.<\/p>\n<p>Su dise\u00f1o traduce la esencia fluida y envolvente del oc\u00e9ano en una pieza contempor\u00e1nea y funcional, donde curvas suaves y vol\u00famenes esculpidos definen su car\u00e1cter.<\/p>\n<p>Bari se incorpora al espacio con una presencia serena, estableciendo un v\u00ednculo natural entre arquitectura y paisaje marino.<\/p>\n","protected":false},"excerpt":{"rendered":"<p>La mesa Bari surge como una expresi\u00f3n aut\u00e9ntica de la belleza org\u00e1nica del mar, inspirada en las formas redondeadas de las ostras abiertas. Su dise\u00f1o traduce la esencia fluida y envolvente del oc\u00e9ano en una pieza contempor\u00e1nea y funcional, donde curvas suaves y vol\u00famenes esculpidos definen su car\u00e1cter. Bari se incorpora al espacio con una [&hellip;]<\/p>\n","protected":false},"featured_media":2890,"comment_status":"open","ping_status":"closed","template":"","meta":{"_et_pb_use_builder":"","_et_pb_old_content":"","_et_gb_content_width":""},"product_brand":[],"product_cat":[28],"product_tag":[],"class_list":{"0":"post-2889","1":"product","2":"type-product","3":"status-publish","4":"has-post-thumbnail","6":"product_cat-mesas-de-centro","8":"first","9":"instock","10":"shipping-taxable","11":"product-type-simple"},"_links":{"self":[{"href":"http:\/\/barsante.com.ar\/disegno\/wp-json\/wp\/v2\/product\/2889","targetHints":{"allow":["GET"]}}],"collection":[{"href":"http:\/\/barsante.com.ar\/disegno\/wp-json\/wp\/v2\/product"}],"about":[{"href":"http:\/\/barsante.com.ar\/disegno\/wp-json\/wp\/v2\/types\/product"}],"replies":[{"embeddable":true,"href":"http:\/\/barsante.com.ar\/disegno\/wp-json\/wp\/v2\/comments?post=2889"}],"wp:featuredmedia":[{"embeddable":true,"href":"http:\/\/barsante.com.ar\/disegno\/wp-json\/wp\/v2\/media\/2890"}],"wp:attachment":[{"href":"http:\/\/barsante.com.ar\/disegno\/wp-json\/wp\/v2\/media?parent=2889"}],"wp:term":[{"taxonomy":"product_brand","embeddable":true,"href":"http:\/\/barsante.com.ar\/disegno\/wp-json\/wp\/v2\/product_brand?post=2889"},{"taxonomy":"product_cat","embeddable":true,"href":"http:\/\/barsante.com.ar\/disegno\/wp-json\/wp\/v2\/product_cat?post=2889"},{"taxonomy":"product_tag","embeddable":true,"href":"http:\/\/barsante.com.ar\/disegno\/wp-json\/wp\/v2\/product_tag?post=2889"}],"curies":[{"name":"wp","href":"https:\/\/api.w.org\/{rel}","templated":true}]}}