{"id":3009,"date":"2026-02-09T17:14:40","date_gmt":"2026-02-09T17:14:40","guid":{"rendered":"http:\/\/barsante.com.ar\/disegno\/?post_type=product&#038;p=3009"},"modified":"2026-02-09T17:16:22","modified_gmt":"2026-02-09T17:16:22","slug":"lorenza-2","status":"publish","type":"product","link":"http:\/\/barsante.com.ar\/disegno\/producto\/mesas\/mesas-de-comedor\/lorenza-2\/","title":{"rendered":"LORENZA"},"content":{"rendered":"<p data-pm-slice=\"1 1 []\">Mesa de comedor realizada artesanalmente en maderas nativas y macizas semiduras. Se destaca por su dise\u00f1o moderno y sus l\u00edneas simples que aportan elegancia a cualquier espacio. Su aspecto s\u00f3lido la convierte en una pieza vers\u00e1til ideal para diferentes estilos decorativos. Cada mesa tiene su propio encanto y variaciones en el acabado de la madera, haci\u00e9ndola \u00fanica.<\/p>\n","protected":false},"excerpt":{"rendered":"<p>Mesa de comedor realizada artesanalmente en maderas nativas y macizas semiduras. Se destaca por su dise\u00f1o moderno y sus l\u00edneas simples que aportan elegancia a cualquier espacio. Su aspecto s\u00f3lido la convierte en una pieza vers\u00e1til ideal para diferentes estilos decorativos. Cada mesa tiene su propio encanto y variaciones en el acabado de la madera, [&hellip;]<\/p>\n","protected":false},"featured_media":3010,"comment_status":"open","ping_status":"closed","template":"","meta":{"_et_pb_use_builder":"","_et_pb_old_content":"","_et_gb_content_width":""},"product_brand":[],"product_cat":[27],"product_tag":[],"class_list":{"0":"post-3009","1":"product","2":"type-product","3":"status-publish","4":"has-post-thumbnail","6":"product_cat-mesas-de-comedor","8":"first","9":"instock","10":"shipping-taxable","11":"product-type-simple"},"_links":{"self":[{"href":"http:\/\/barsante.com.ar\/disegno\/wp-json\/wp\/v2\/product\/3009","targetHints":{"allow":["GET"]}}],"collection":[{"href":"http:\/\/barsante.com.ar\/disegno\/wp-json\/wp\/v2\/product"}],"about":[{"href":"http:\/\/barsante.com.ar\/disegno\/wp-json\/wp\/v2\/types\/product"}],"replies":[{"embeddable":true,"href":"http:\/\/barsante.com.ar\/disegno\/wp-json\/wp\/v2\/comments?post=3009"}],"wp:featuredmedia":[{"embeddable":true,"href":"http:\/\/barsante.com.ar\/disegno\/wp-json\/wp\/v2\/media\/3010"}],"wp:attachment":[{"href":"http:\/\/barsante.com.ar\/disegno\/wp-json\/wp\/v2\/media?parent=3009"}],"wp:term":[{"taxonomy":"product_brand","embeddable":true,"href":"http:\/\/barsante.com.ar\/disegno\/wp-json\/wp\/v2\/product_brand?post=3009"},{"taxonomy":"product_cat","embeddable":true,"href":"http:\/\/barsante.com.ar\/disegno\/wp-json\/wp\/v2\/product_cat?post=3009"},{"taxonomy":"product_tag","embeddable":true,"href":"http:\/\/barsante.com.ar\/disegno\/wp-json\/wp\/v2\/product_tag?post=3009"}],"curies":[{"name":"wp","href":"https:\/\/api.w.org\/{rel}","templated":true}]}}