{"id":3141,"date":"2026-02-19T12:53:14","date_gmt":"2026-02-19T12:53:14","guid":{"rendered":"http:\/\/barsante.com.ar\/disegno\/?post_type=product&#038;p=3141"},"modified":"2026-02-19T13:15:26","modified_gmt":"2026-02-19T13:15:26","slug":"torrione-2","status":"publish","type":"product","link":"http:\/\/barsante.com.ar\/disegno\/producto\/mesas\/mesas-de-centro\/torrione-2\/","title":{"rendered":"TORRIONE"},"content":{"rendered":"<p data-pm-slice=\"1 1 []\">Mesa de dise\u00f1o cl\u00e1sico y simple, pieza clave de un espacio de confort donde se destaca el car\u00e1cter de la madera en su tapa, con gran presencia de sus patas.<\/p>\n","protected":false},"excerpt":{"rendered":"<p>Mesa de dise\u00f1o cl\u00e1sico y simple, pieza clave de un espacio de confort donde se destaca el car\u00e1cter de la madera en su tapa, con gran presencia de sus patas.<\/p>\n","protected":false},"featured_media":3142,"comment_status":"open","ping_status":"closed","template":"","meta":{"_et_pb_use_builder":"","_et_pb_old_content":"","_et_gb_content_width":""},"product_brand":[],"product_cat":[28],"product_tag":[],"class_list":{"0":"post-3141","1":"product","2":"type-product","3":"status-publish","4":"has-post-thumbnail","6":"product_cat-mesas-de-centro","8":"first","9":"instock","10":"shipping-taxable","11":"product-type-simple"},"_links":{"self":[{"href":"http:\/\/barsante.com.ar\/disegno\/wp-json\/wp\/v2\/product\/3141","targetHints":{"allow":["GET"]}}],"collection":[{"href":"http:\/\/barsante.com.ar\/disegno\/wp-json\/wp\/v2\/product"}],"about":[{"href":"http:\/\/barsante.com.ar\/disegno\/wp-json\/wp\/v2\/types\/product"}],"replies":[{"embeddable":true,"href":"http:\/\/barsante.com.ar\/disegno\/wp-json\/wp\/v2\/comments?post=3141"}],"wp:featuredmedia":[{"embeddable":true,"href":"http:\/\/barsante.com.ar\/disegno\/wp-json\/wp\/v2\/media\/3142"}],"wp:attachment":[{"href":"http:\/\/barsante.com.ar\/disegno\/wp-json\/wp\/v2\/media?parent=3141"}],"wp:term":[{"taxonomy":"product_brand","embeddable":true,"href":"http:\/\/barsante.com.ar\/disegno\/wp-json\/wp\/v2\/product_brand?post=3141"},{"taxonomy":"product_cat","embeddable":true,"href":"http:\/\/barsante.com.ar\/disegno\/wp-json\/wp\/v2\/product_cat?post=3141"},{"taxonomy":"product_tag","embeddable":true,"href":"http:\/\/barsante.com.ar\/disegno\/wp-json\/wp\/v2\/product_tag?post=3141"}],"curies":[{"name":"wp","href":"https:\/\/api.w.org\/{rel}","templated":true}]}}