{"id":3201,"date":"2026-02-23T13:27:09","date_gmt":"2026-02-23T13:27:09","guid":{"rendered":"http:\/\/barsante.com.ar\/disegno\/?post_type=product&#038;p=3201"},"modified":"2026-02-23T13:46:38","modified_gmt":"2026-02-23T13:46:38","slug":"visconti","status":"publish","type":"product","link":"http:\/\/barsante.com.ar\/disegno\/producto\/sofas\/visconti\/","title":{"rendered":"Visconti"},"content":{"rendered":"<p data-pm-slice=\"1 1 []\">El sof\u00e1 Visconti combina elegancia atemporal y dise\u00f1o moderno. Con l\u00edneas rectas y patas de metal, a\u00f1ade un toque de sofisticaci\u00f3n al sal\u00f3n, combinando estilo y comodidad.<\/p>\n","protected":false},"excerpt":{"rendered":"<p>El sof\u00e1 Visconti combina elegancia atemporal y dise\u00f1o moderno. Con l\u00edneas rectas y patas de metal, a\u00f1ade un toque de sofisticaci\u00f3n al sal\u00f3n, combinando estilo y comodidad.<\/p>\n","protected":false},"featured_media":3204,"comment_status":"open","ping_status":"closed","template":"","meta":{"_et_pb_use_builder":"","_et_pb_old_content":"","_et_gb_content_width":""},"product_brand":[],"product_cat":[24],"product_tag":[],"class_list":{"0":"post-3201","1":"product","2":"type-product","3":"status-publish","4":"has-post-thumbnail","6":"product_cat-sofas","8":"first","9":"instock","10":"shipping-taxable","11":"product-type-simple"},"_links":{"self":[{"href":"http:\/\/barsante.com.ar\/disegno\/wp-json\/wp\/v2\/product\/3201","targetHints":{"allow":["GET"]}}],"collection":[{"href":"http:\/\/barsante.com.ar\/disegno\/wp-json\/wp\/v2\/product"}],"about":[{"href":"http:\/\/barsante.com.ar\/disegno\/wp-json\/wp\/v2\/types\/product"}],"replies":[{"embeddable":true,"href":"http:\/\/barsante.com.ar\/disegno\/wp-json\/wp\/v2\/comments?post=3201"}],"wp:featuredmedia":[{"embeddable":true,"href":"http:\/\/barsante.com.ar\/disegno\/wp-json\/wp\/v2\/media\/3204"}],"wp:attachment":[{"href":"http:\/\/barsante.com.ar\/disegno\/wp-json\/wp\/v2\/media?parent=3201"}],"wp:term":[{"taxonomy":"product_brand","embeddable":true,"href":"http:\/\/barsante.com.ar\/disegno\/wp-json\/wp\/v2\/product_brand?post=3201"},{"taxonomy":"product_cat","embeddable":true,"href":"http:\/\/barsante.com.ar\/disegno\/wp-json\/wp\/v2\/product_cat?post=3201"},{"taxonomy":"product_tag","embeddable":true,"href":"http:\/\/barsante.com.ar\/disegno\/wp-json\/wp\/v2\/product_tag?post=3201"}],"curies":[{"name":"wp","href":"https:\/\/api.w.org\/{rel}","templated":true}]}}