{"id":3278,"date":"2026-02-25T14:56:18","date_gmt":"2026-02-25T14:56:18","guid":{"rendered":"http:\/\/barsante.com.ar\/disegno\/?post_type=product&#038;p=3278"},"modified":"2026-02-25T14:56:19","modified_gmt":"2026-02-25T14:56:19","slug":"massimo","status":"publish","type":"product","link":"http:\/\/barsante.com.ar\/disegno\/producto\/sofas\/massimo\/","title":{"rendered":"Massimo"},"content":{"rendered":"<p data-pm-slice=\"1 1 []\"><strong>Asiento:<\/strong> retr\u00e1ctil, con apertura de 40 cm. Opci\u00f3n de accionamiento manual o motorizado.<\/p>\n<p><strong>Respaldo:<\/strong> fijo, sin detalle de costura.<\/p>\n<p><strong>Brazo:<\/strong> fijo, sin detalle de costura.<\/p>\n<p><strong>Almohada decorativa:<\/strong> suelta, sin detalle de costura, medidas 75 x 65 cm.<\/p>\n<p><strong>Soporte:<\/strong> patas en polipropileno inyectado, color negro.<\/p>\n<p>El <strong>sof\u00e1 Massimo<\/strong> surge de la intersecci\u00f3n entre volumen, movimiento y confort continuo. Su dise\u00f1o realza la generosidad de las formas a trav\u00e9s de tapizados envolventes que abrazan el cuerpo, acompa\u00f1ados de delicados detalles de costura y tejido suelto que aportan car\u00e1cter y textura.<\/p>\n<p>Las l\u00edneas redondeadas crean una sensaci\u00f3n de abrigo y fluidez, mientras que el asiento articulado ampl\u00eda las posibilidades de uso, adapt\u00e1ndose con naturalidad a los distintos gestos y posturas del cuerpo. Massimo es una pieza que combina expresi\u00f3n formal y funcionalidad en perfecta armon\u00eda.<\/p>\n","protected":false},"excerpt":{"rendered":"<p>Asiento: retr\u00e1ctil, con apertura de 40 cm. Opci\u00f3n de accionamiento manual o motorizado. Respaldo: fijo, sin detalle de costura. Brazo: fijo, sin detalle de costura. Almohada decorativa: suelta, sin detalle de costura, medidas 75 x 65 cm. Soporte: patas en polipropileno inyectado, color negro. El sof\u00e1 Massimo surge de la intersecci\u00f3n entre volumen, movimiento y [&hellip;]<\/p>\n","protected":false},"featured_media":3279,"comment_status":"open","ping_status":"closed","template":"","meta":{"_et_pb_use_builder":"","_et_pb_old_content":"","_et_gb_content_width":""},"product_brand":[],"product_cat":[24],"product_tag":[],"class_list":{"0":"post-3278","1":"product","2":"type-product","3":"status-publish","4":"has-post-thumbnail","6":"product_cat-sofas","8":"first","9":"instock","10":"shipping-taxable","11":"product-type-simple"},"_links":{"self":[{"href":"http:\/\/barsante.com.ar\/disegno\/wp-json\/wp\/v2\/product\/3278","targetHints":{"allow":["GET"]}}],"collection":[{"href":"http:\/\/barsante.com.ar\/disegno\/wp-json\/wp\/v2\/product"}],"about":[{"href":"http:\/\/barsante.com.ar\/disegno\/wp-json\/wp\/v2\/types\/product"}],"replies":[{"embeddable":true,"href":"http:\/\/barsante.com.ar\/disegno\/wp-json\/wp\/v2\/comments?post=3278"}],"wp:featuredmedia":[{"embeddable":true,"href":"http:\/\/barsante.com.ar\/disegno\/wp-json\/wp\/v2\/media\/3279"}],"wp:attachment":[{"href":"http:\/\/barsante.com.ar\/disegno\/wp-json\/wp\/v2\/media?parent=3278"}],"wp:term":[{"taxonomy":"product_brand","embeddable":true,"href":"http:\/\/barsante.com.ar\/disegno\/wp-json\/wp\/v2\/product_brand?post=3278"},{"taxonomy":"product_cat","embeddable":true,"href":"http:\/\/barsante.com.ar\/disegno\/wp-json\/wp\/v2\/product_cat?post=3278"},{"taxonomy":"product_tag","embeddable":true,"href":"http:\/\/barsante.com.ar\/disegno\/wp-json\/wp\/v2\/product_tag?post=3278"}],"curies":[{"name":"wp","href":"https:\/\/api.w.org\/{rel}","templated":true}]}}