{"id":3292,"date":"2026-02-25T16:04:55","date_gmt":"2026-02-25T16:04:55","guid":{"rendered":"http:\/\/barsante.com.ar\/disegno\/?post_type=product&#038;p=3292"},"modified":"2026-02-25T16:07:01","modified_gmt":"2026-02-25T16:07:01","slug":"mondrian","status":"publish","type":"product","link":"http:\/\/barsante.com.ar\/disegno\/producto\/sofas\/mondrian\/","title":{"rendered":"Mondrian"},"content":{"rendered":"<p data-pm-slice=\"1 1 []\">El sof\u00e1 cuenta con asiento retr\u00e1ctil, con opci\u00f3n de apertura manual o motorizada y una extensi\u00f3n de 35 cm, sin detalle de costura visible.<\/p>\n<p>El respaldo y los brazos son fijos, ambos con costura en fole de 2,5 cm que aporta definici\u00f3n y car\u00e1cter al dise\u00f1o.<\/p>\n<p>Incluye almohadas de respaldo sueltas, con opci\u00f3n de uso abiertas o cerradas, sin detalle de costura y con una altura de 55 cm, adem\u00e1s de almohadas decorativas sueltas de 65 x 55 cm.<\/p>\n<p>El soporte se compone de patas de polipropileno inyectado en color negro, garantizando estabilidad y resistencia.<\/p>\n<p>El sof\u00e1 <strong>Mondrian<\/strong> hace referencia al legado de Marcel Breuer, pionero de la Bauhaus y de la arquitectura funcionalista. Su silueta suavemente contorneada articula un minimalismo expresivo, donde la forma y la presencia construyen una est\u00e9tica de car\u00e1cter arquitect\u00f3nico.<\/p>\n<p>El detalle de costura que recorre brazos y respaldo refuerza la precisi\u00f3n del dise\u00f1o, mientras que los asientos retr\u00e1ctiles ampl\u00edan la funcionalidad de la pieza. En Mondrian, cada elemento cumple una funci\u00f3n clara, sosteniendo un equilibrio armonioso entre estructura, confort y expresi\u00f3n visual.<\/p>\n","protected":false},"excerpt":{"rendered":"<p>El sof\u00e1 cuenta con asiento retr\u00e1ctil, con opci\u00f3n de apertura manual o motorizada y una extensi\u00f3n de 35 cm, sin detalle de costura visible. El respaldo y los brazos son fijos, ambos con costura en fole de 2,5 cm que aporta definici\u00f3n y car\u00e1cter al dise\u00f1o. Incluye almohadas de respaldo sueltas, con opci\u00f3n de uso [&hellip;]<\/p>\n","protected":false},"featured_media":3293,"comment_status":"open","ping_status":"closed","template":"","meta":{"_et_pb_use_builder":"","_et_pb_old_content":"","_et_gb_content_width":""},"product_brand":[],"product_cat":[24],"product_tag":[],"class_list":{"0":"post-3292","1":"product","2":"type-product","3":"status-publish","4":"has-post-thumbnail","6":"product_cat-sofas","8":"first","9":"instock","10":"shipping-taxable","11":"product-type-simple"},"_links":{"self":[{"href":"http:\/\/barsante.com.ar\/disegno\/wp-json\/wp\/v2\/product\/3292","targetHints":{"allow":["GET"]}}],"collection":[{"href":"http:\/\/barsante.com.ar\/disegno\/wp-json\/wp\/v2\/product"}],"about":[{"href":"http:\/\/barsante.com.ar\/disegno\/wp-json\/wp\/v2\/types\/product"}],"replies":[{"embeddable":true,"href":"http:\/\/barsante.com.ar\/disegno\/wp-json\/wp\/v2\/comments?post=3292"}],"wp:featuredmedia":[{"embeddable":true,"href":"http:\/\/barsante.com.ar\/disegno\/wp-json\/wp\/v2\/media\/3293"}],"wp:attachment":[{"href":"http:\/\/barsante.com.ar\/disegno\/wp-json\/wp\/v2\/media?parent=3292"}],"wp:term":[{"taxonomy":"product_brand","embeddable":true,"href":"http:\/\/barsante.com.ar\/disegno\/wp-json\/wp\/v2\/product_brand?post=3292"},{"taxonomy":"product_cat","embeddable":true,"href":"http:\/\/barsante.com.ar\/disegno\/wp-json\/wp\/v2\/product_cat?post=3292"},{"taxonomy":"product_tag","embeddable":true,"href":"http:\/\/barsante.com.ar\/disegno\/wp-json\/wp\/v2\/product_tag?post=3292"}],"curies":[{"name":"wp","href":"https:\/\/api.w.org\/{rel}","templated":true}]}}