{"id":3315,"date":"2026-02-25T18:57:54","date_gmt":"2026-02-25T18:57:54","guid":{"rendered":"http:\/\/barsante.com.ar\/disegno\/?post_type=product&#038;p=3315"},"modified":"2026-02-26T15:09:18","modified_gmt":"2026-02-26T15:09:18","slug":"rafaello","status":"publish","type":"product","link":"http:\/\/barsante.com.ar\/disegno\/producto\/sofas\/rafaello\/","title":{"rendered":"Rafaello"},"content":{"rendered":"<p data-pm-slice=\"1 1 []\"><strong>Asiento:<\/strong> fijo, con costura en vivo combinado.<\/p>\n<p><strong>Respaldo:<\/strong> fijo, con costura en vivo combinado.<\/p>\n<p><strong>Brazos:<\/strong> fijos, con costura en vivo combinado.<\/p>\n<p><strong>Almohada de asiento:<\/strong> fija, con costura en vivo combinado.<\/p>\n<p><strong>Almohada de respaldo:<\/strong> suelta, con costura en vivo combinado, altura 55 cm.<\/p>\n<p><strong>Almohada decorativa:<\/strong> suelta, con costura en vivo combinado, medidas 70 x 55 cm.<\/p>\n<p><strong>Soporte:<\/strong> patas de polipropileno inyectado color negro.<\/p>\n<p>Inspirado en el pensamiento de Jean Prouv\u00e9, para quien la forma surge de la estructura y la funci\u00f3n, el Sof\u00e1 Rafaello traduce esa l\u00f3gica en un dise\u00f1o contempor\u00e1neo y preciso.<\/p>\n<p>Su arquitectura expresa un equilibrio claro entre soporte y confort: brazos estructurados, respaldo envolvente y una base retra\u00edda que genera una sensaci\u00f3n visual de ligereza y flotaci\u00f3n.<\/p>\n<p>Rafaello es un ejercicio de dise\u00f1o donde cada l\u00ednea responde a una necesidad real, dando como resultado una pieza atemporal, confortable y estructuralmente inteligente.<\/p>\n","protected":false},"excerpt":{"rendered":"<p>Asiento: fijo, con costura en vivo combinado. Respaldo: fijo, con costura en vivo combinado. Brazos: fijos, con costura en vivo combinado. Almohada de asiento: fija, con costura en vivo combinado. Almohada de respaldo: suelta, con costura en vivo combinado, altura 55 cm. Almohada decorativa: suelta, con costura en vivo combinado, medidas 70 x 55 cm. [&hellip;]<\/p>\n","protected":false},"featured_media":3389,"comment_status":"open","ping_status":"closed","template":"","meta":{"_et_pb_use_builder":"","_et_pb_old_content":"","_et_gb_content_width":""},"product_brand":[],"product_cat":[24],"product_tag":[],"class_list":{"0":"post-3315","1":"product","2":"type-product","3":"status-publish","4":"has-post-thumbnail","6":"product_cat-sofas","8":"first","9":"instock","10":"shipping-taxable","11":"product-type-simple"},"_links":{"self":[{"href":"http:\/\/barsante.com.ar\/disegno\/wp-json\/wp\/v2\/product\/3315","targetHints":{"allow":["GET"]}}],"collection":[{"href":"http:\/\/barsante.com.ar\/disegno\/wp-json\/wp\/v2\/product"}],"about":[{"href":"http:\/\/barsante.com.ar\/disegno\/wp-json\/wp\/v2\/types\/product"}],"replies":[{"embeddable":true,"href":"http:\/\/barsante.com.ar\/disegno\/wp-json\/wp\/v2\/comments?post=3315"}],"wp:featuredmedia":[{"embeddable":true,"href":"http:\/\/barsante.com.ar\/disegno\/wp-json\/wp\/v2\/media\/3389"}],"wp:attachment":[{"href":"http:\/\/barsante.com.ar\/disegno\/wp-json\/wp\/v2\/media?parent=3315"}],"wp:term":[{"taxonomy":"product_brand","embeddable":true,"href":"http:\/\/barsante.com.ar\/disegno\/wp-json\/wp\/v2\/product_brand?post=3315"},{"taxonomy":"product_cat","embeddable":true,"href":"http:\/\/barsante.com.ar\/disegno\/wp-json\/wp\/v2\/product_cat?post=3315"},{"taxonomy":"product_tag","embeddable":true,"href":"http:\/\/barsante.com.ar\/disegno\/wp-json\/wp\/v2\/product_tag?post=3315"}],"curies":[{"name":"wp","href":"https:\/\/api.w.org\/{rel}","templated":true}]}}