{"id":3353,"date":"2026-02-26T15:00:29","date_gmt":"2026-02-26T15:00:29","guid":{"rendered":"http:\/\/barsante.com.ar\/disegno\/?post_type=product&#038;p=3353"},"modified":"2026-02-26T15:00:30","modified_gmt":"2026-02-26T15:00:30","slug":"davide","status":"publish","type":"product","link":"http:\/\/barsante.com.ar\/disegno\/producto\/sofas\/davide\/","title":{"rendered":"Davide"},"content":{"rendered":"<p data-pm-slice=\"1 1 []\">L 215 cm | A 73 cm | P 95 cm &#8211; Entero<\/p>\n<p>L 252 cm | A 73 cm | P 95 cm &#8211; Entero<\/p>\n<p>L 280 cm | A 73 cm | P 95 cm &#8211; Bipartido<\/p>\n<p>El sof\u00e1 Davide tiene un dise\u00f1o contempor\u00e1neo que invita al descanso, siendo una pieza clave que combina comodidad y est\u00e9tica.<\/p>\n<p>Sof\u00e1 revestido en <strong>cuero 100% leg\u00edtimo<\/strong>, desarrollado con estructura en <strong>madera de reforestaci\u00f3n de eucalipto<\/strong>, multilaminado de 15 mm y MDP de alta densidad, garantizando resistencia y estabilidad.<\/p>\n<p>Cuenta con sistema que mejora la absorci\u00f3n de impacto y la durabilidad, y tecnolog\u00eda compuesta por espumas de alta performance que optimizan la disipaci\u00f3n de energ\u00eda y elevan el nivel de confort.<\/p>\n","protected":false},"excerpt":{"rendered":"<p>L 215 cm | A 73 cm | P 95 cm &#8211; Entero L 252 cm | A 73 cm | P 95 cm &#8211; Entero L 280 cm | A 73 cm | P 95 cm &#8211; Bipartido El sof\u00e1 Davide tiene un dise\u00f1o contempor\u00e1neo que invita al descanso, siendo una pieza clave que [&hellip;]<\/p>\n","protected":false},"featured_media":3361,"comment_status":"open","ping_status":"closed","template":"","meta":{"_et_pb_use_builder":"","_et_pb_old_content":"","_et_gb_content_width":""},"product_brand":[],"product_cat":[24],"product_tag":[],"class_list":{"0":"post-3353","1":"product","2":"type-product","3":"status-publish","4":"has-post-thumbnail","6":"product_cat-sofas","8":"first","9":"instock","10":"shipping-taxable","11":"product-type-simple"},"_links":{"self":[{"href":"http:\/\/barsante.com.ar\/disegno\/wp-json\/wp\/v2\/product\/3353","targetHints":{"allow":["GET"]}}],"collection":[{"href":"http:\/\/barsante.com.ar\/disegno\/wp-json\/wp\/v2\/product"}],"about":[{"href":"http:\/\/barsante.com.ar\/disegno\/wp-json\/wp\/v2\/types\/product"}],"replies":[{"embeddable":true,"href":"http:\/\/barsante.com.ar\/disegno\/wp-json\/wp\/v2\/comments?post=3353"}],"wp:featuredmedia":[{"embeddable":true,"href":"http:\/\/barsante.com.ar\/disegno\/wp-json\/wp\/v2\/media\/3361"}],"wp:attachment":[{"href":"http:\/\/barsante.com.ar\/disegno\/wp-json\/wp\/v2\/media?parent=3353"}],"wp:term":[{"taxonomy":"product_brand","embeddable":true,"href":"http:\/\/barsante.com.ar\/disegno\/wp-json\/wp\/v2\/product_brand?post=3353"},{"taxonomy":"product_cat","embeddable":true,"href":"http:\/\/barsante.com.ar\/disegno\/wp-json\/wp\/v2\/product_cat?post=3353"},{"taxonomy":"product_tag","embeddable":true,"href":"http:\/\/barsante.com.ar\/disegno\/wp-json\/wp\/v2\/product_tag?post=3353"}],"curies":[{"name":"wp","href":"https:\/\/api.w.org\/{rel}","templated":true}]}}