{"id":3395,"date":"2026-02-26T15:14:47","date_gmt":"2026-02-26T15:14:47","guid":{"rendered":"http:\/\/barsante.com.ar\/disegno\/?post_type=product&#038;p=3395"},"modified":"2026-02-26T15:20:36","modified_gmt":"2026-02-26T15:20:36","slug":"alessandria","status":"publish","type":"product","link":"http:\/\/barsante.com.ar\/disegno\/producto\/mesas\/mesas-de-centro\/alessandria\/","title":{"rendered":"Alessandria"},"content":{"rendered":"<p>La mesa Alessandria es una celebraci\u00f3n de la interacci\u00f3n entre formas org\u00e1nicas y utilidad. Con un dise\u00f1o que explora la fluidez de las curvas y la modularidad de los vol\u00famenes, ofrece una experiencia multifuncional y visualmente atractiva.<\/p>\n<p>Ya sea como punto de apoyo para libros, objetos decorativos o bebidas, Alessandria invita a un uso din\u00e1mico, donde la simplicidad de las formas se encuentra con la sofisticaci\u00f3n del dise\u00f1o contempor\u00e1neo.<\/p>\n<p>&nbsp;<\/p>\n","protected":false},"excerpt":{"rendered":"<p>La mesa Alessandria es una celebraci\u00f3n de la interacci\u00f3n entre formas org\u00e1nicas y utilidad. Con un dise\u00f1o que explora la fluidez de las curvas y la modularidad de los vol\u00famenes, ofrece una experiencia multifuncional y visualmente atractiva. Ya sea como punto de apoyo para libros, objetos decorativos o bebidas, Alessandria invita a un uso din\u00e1mico, [&hellip;]<\/p>\n","protected":false},"featured_media":3405,"comment_status":"open","ping_status":"closed","template":"","meta":{"_et_pb_use_builder":"","_et_pb_old_content":"","_et_gb_content_width":""},"product_brand":[],"product_cat":[28],"product_tag":[],"class_list":{"0":"post-3395","1":"product","2":"type-product","3":"status-publish","4":"has-post-thumbnail","6":"product_cat-mesas-de-centro","8":"first","9":"instock","10":"shipping-taxable","11":"product-type-simple"},"_links":{"self":[{"href":"http:\/\/barsante.com.ar\/disegno\/wp-json\/wp\/v2\/product\/3395","targetHints":{"allow":["GET"]}}],"collection":[{"href":"http:\/\/barsante.com.ar\/disegno\/wp-json\/wp\/v2\/product"}],"about":[{"href":"http:\/\/barsante.com.ar\/disegno\/wp-json\/wp\/v2\/types\/product"}],"replies":[{"embeddable":true,"href":"http:\/\/barsante.com.ar\/disegno\/wp-json\/wp\/v2\/comments?post=3395"}],"wp:featuredmedia":[{"embeddable":true,"href":"http:\/\/barsante.com.ar\/disegno\/wp-json\/wp\/v2\/media\/3405"}],"wp:attachment":[{"href":"http:\/\/barsante.com.ar\/disegno\/wp-json\/wp\/v2\/media?parent=3395"}],"wp:term":[{"taxonomy":"product_brand","embeddable":true,"href":"http:\/\/barsante.com.ar\/disegno\/wp-json\/wp\/v2\/product_brand?post=3395"},{"taxonomy":"product_cat","embeddable":true,"href":"http:\/\/barsante.com.ar\/disegno\/wp-json\/wp\/v2\/product_cat?post=3395"},{"taxonomy":"product_tag","embeddable":true,"href":"http:\/\/barsante.com.ar\/disegno\/wp-json\/wp\/v2\/product_tag?post=3395"}],"curies":[{"name":"wp","href":"https:\/\/api.w.org\/{rel}","templated":true}]}}