{"id":3396,"date":"2026-02-26T15:26:51","date_gmt":"2026-02-26T15:26:51","guid":{"rendered":"http:\/\/barsante.com.ar\/disegno\/?post_type=product&#038;p=3396"},"modified":"2026-02-26T15:48:21","modified_gmt":"2026-02-26T15:48:21","slug":"gabriele","status":"publish","type":"product","link":"http:\/\/barsante.com.ar\/disegno\/producto\/sofas\/gabriele\/","title":{"rendered":"Gabriele"},"content":{"rendered":"<p data-pm-slice=\"1 1 []\">Medidas:<\/p>\n<ul class=\"ProsemirrorEditor-list\">\n<li class=\"ProsemirrorEditor-listItem\" data-list-indent=\"1\" data-list-type=\"bulleted\"><strong>Largo total:<\/strong> 300 cm<\/li>\n<li class=\"ProsemirrorEditor-listItem\" data-list-indent=\"1\" data-list-type=\"bulleted\"><strong>Ancho \/ Profundidad total:<\/strong> 117 cm<\/li>\n<li class=\"ProsemirrorEditor-listItem\" data-list-indent=\"1\" data-list-type=\"bulleted\"><strong>Profundidad \u00fatil:<\/strong> 90 cm<\/li>\n<li class=\"ProsemirrorEditor-listItem\" data-list-indent=\"1\" data-list-type=\"bulleted\"><strong>Altura total:<\/strong> 90 cm<\/li>\n<li class=\"ProsemirrorEditor-listItem\" data-list-indent=\"1\" data-list-type=\"bulleted\"><strong>Altura de base \/ patas:<\/strong> 18 cm<\/li>\n<li class=\"ProsemirrorEditor-listItem\" data-list-indent=\"1\" data-list-type=\"bulleted\"><strong>Ancho m\u00f3dulo superior (seg\u00fan esquema):<\/strong> 225 cm<\/li>\n<li class=\"ProsemirrorEditor-listItem\" data-list-indent=\"1\" data-list-type=\"bulleted\"><strong>Ancho brazo:<\/strong> 22 cm<\/li>\n<\/ul>\n<p><strong>Asiento:<\/strong><\/p>\n<p>Espuma | Fijo |<\/p>\n<p><strong>Respaldo:<\/strong><\/p>\n<p>Espuma | M\u00f3vil |<\/p>\n","protected":false},"excerpt":{"rendered":"<p>Medidas: Largo total: 300 cm Ancho \/ Profundidad total: 117 cm Profundidad \u00fatil: 90 cm Altura total: 90 cm Altura de base \/ patas: 18 cm Ancho m\u00f3dulo superior (seg\u00fan esquema): 225 cm Ancho brazo: 22 cm Asiento: Espuma | Fijo | Respaldo: Espuma | M\u00f3vil |<\/p>\n","protected":false},"featured_media":3397,"comment_status":"open","ping_status":"closed","template":"","meta":{"_et_pb_use_builder":"","_et_pb_old_content":"","_et_gb_content_width":""},"product_brand":[],"product_cat":[24],"product_tag":[],"class_list":{"0":"post-3396","1":"product","2":"type-product","3":"status-publish","4":"has-post-thumbnail","6":"product_cat-sofas","8":"first","9":"instock","10":"shipping-taxable","11":"product-type-simple"},"_links":{"self":[{"href":"http:\/\/barsante.com.ar\/disegno\/wp-json\/wp\/v2\/product\/3396","targetHints":{"allow":["GET"]}}],"collection":[{"href":"http:\/\/barsante.com.ar\/disegno\/wp-json\/wp\/v2\/product"}],"about":[{"href":"http:\/\/barsante.com.ar\/disegno\/wp-json\/wp\/v2\/types\/product"}],"replies":[{"embeddable":true,"href":"http:\/\/barsante.com.ar\/disegno\/wp-json\/wp\/v2\/comments?post=3396"}],"wp:featuredmedia":[{"embeddable":true,"href":"http:\/\/barsante.com.ar\/disegno\/wp-json\/wp\/v2\/media\/3397"}],"wp:attachment":[{"href":"http:\/\/barsante.com.ar\/disegno\/wp-json\/wp\/v2\/media?parent=3396"}],"wp:term":[{"taxonomy":"product_brand","embeddable":true,"href":"http:\/\/barsante.com.ar\/disegno\/wp-json\/wp\/v2\/product_brand?post=3396"},{"taxonomy":"product_cat","embeddable":true,"href":"http:\/\/barsante.com.ar\/disegno\/wp-json\/wp\/v2\/product_cat?post=3396"},{"taxonomy":"product_tag","embeddable":true,"href":"http:\/\/barsante.com.ar\/disegno\/wp-json\/wp\/v2\/product_tag?post=3396"}],"curies":[{"name":"wp","href":"https:\/\/api.w.org\/{rel}","templated":true}]}}