{"id":3460,"date":"2026-02-26T22:37:37","date_gmt":"2026-02-26T22:37:37","guid":{"rendered":"http:\/\/barsante.com.ar\/disegno\/?post_type=product&#038;p=3460"},"modified":"2026-02-26T22:46:34","modified_gmt":"2026-02-26T22:46:34","slug":"aventino-tapa-rectangular","status":"publish","type":"product","link":"http:\/\/barsante.com.ar\/disegno\/producto\/mesas\/mesas-de-comedor\/aventino-tapa-rectangular\/","title":{"rendered":"Aventino TAPA RECTANGULAR"},"content":{"rendered":"<p>La mesa de comedor Aventino, en su versi\u00f3n rectangular, presenta dos formatos de tablero: uno org\u00e1nico y otro de l\u00edneas rectas, para una lectura m\u00e1s cl\u00e1sica.<br \/>\nEn ambos, el elemento en \u201cV\u201d esculpido en madera maciza permanece como protagonista, sosteniendo el conjunto con levedad y reforzando la sensaci\u00f3n de suspensi\u00f3n.<br \/>\nLa base c\u00f3nica garantiza estabilidad, mientras que el vac\u00edo entre tablero y estructura aporta la identidad elegante de la pieza.<br \/>\nVers\u00e1til e imponente, Aventino rectangular ofrece proporci\u00f3n equilibrada y presencia marcada para diferentes composiciones de sala de comedor.<\/p>\n","protected":false},"excerpt":{"rendered":"<p>La mesa de comedor Aventino, en su versi\u00f3n rectangular, presenta dos formatos de tablero: uno org\u00e1nico y otro de l\u00edneas rectas, para una lectura m\u00e1s cl\u00e1sica. En ambos, el elemento en \u201cV\u201d esculpido en madera maciza permanece como protagonista, sosteniendo el conjunto con levedad y reforzando la sensaci\u00f3n de suspensi\u00f3n. La base c\u00f3nica garantiza estabilidad, [&hellip;]<\/p>\n","protected":false},"featured_media":3463,"comment_status":"open","ping_status":"closed","template":"","meta":{"_et_pb_use_builder":"","_et_pb_old_content":"","_et_gb_content_width":""},"product_brand":[],"product_cat":[27],"product_tag":[],"class_list":{"0":"post-3460","1":"product","2":"type-product","3":"status-publish","4":"has-post-thumbnail","6":"product_cat-mesas-de-comedor","8":"first","9":"instock","10":"shipping-taxable","11":"product-type-simple"},"_links":{"self":[{"href":"http:\/\/barsante.com.ar\/disegno\/wp-json\/wp\/v2\/product\/3460","targetHints":{"allow":["GET"]}}],"collection":[{"href":"http:\/\/barsante.com.ar\/disegno\/wp-json\/wp\/v2\/product"}],"about":[{"href":"http:\/\/barsante.com.ar\/disegno\/wp-json\/wp\/v2\/types\/product"}],"replies":[{"embeddable":true,"href":"http:\/\/barsante.com.ar\/disegno\/wp-json\/wp\/v2\/comments?post=3460"}],"wp:featuredmedia":[{"embeddable":true,"href":"http:\/\/barsante.com.ar\/disegno\/wp-json\/wp\/v2\/media\/3463"}],"wp:attachment":[{"href":"http:\/\/barsante.com.ar\/disegno\/wp-json\/wp\/v2\/media?parent=3460"}],"wp:term":[{"taxonomy":"product_brand","embeddable":true,"href":"http:\/\/barsante.com.ar\/disegno\/wp-json\/wp\/v2\/product_brand?post=3460"},{"taxonomy":"product_cat","embeddable":true,"href":"http:\/\/barsante.com.ar\/disegno\/wp-json\/wp\/v2\/product_cat?post=3460"},{"taxonomy":"product_tag","embeddable":true,"href":"http:\/\/barsante.com.ar\/disegno\/wp-json\/wp\/v2\/product_tag?post=3460"}],"curies":[{"name":"wp","href":"https:\/\/api.w.org\/{rel}","templated":true}]}}