{"id":3911,"date":"2026-03-26T19:01:33","date_gmt":"2026-03-26T19:01:33","guid":{"rendered":"http:\/\/barsante.com.ar\/disegno\/?post_type=product&#038;p=3911"},"modified":"2026-03-26T19:16:06","modified_gmt":"2026-03-26T19:16:06","slug":"vada","status":"publish","type":"product","link":"http:\/\/barsante.com.ar\/disegno\/producto\/mesas\/mesas-de-luz\/vada\/","title":{"rendered":"VADA"},"content":{"rendered":"<p>Vada destaca por su dise\u00f1o simple, s\u00f3lido y atemporal,<br \/>\ndonde la calidez del roble tostado resalta la nobleza de la<br \/>\nmadera y su presencia natural. Su forma limpia y equilibrada<br \/>\nla convierte en una pieza que acompa\u00f1a con<br \/>\ndiscreci\u00f3n y car\u00e1cter distintos espacios, aportando<br \/>\nfuncionalidad y una est\u00e9tica serena que se integra f\u00e1cilmente<br \/>\nen el entorno<\/p>\n","protected":false},"excerpt":{"rendered":"<p>Vada destaca por su dise\u00f1o simple, s\u00f3lido y atemporal, donde la calidez del roble tostado resalta la nobleza de la madera y su presencia natural. Su forma limpia y equilibrada la convierte en una pieza que acompa\u00f1a con discreci\u00f3n y car\u00e1cter distintos espacios, aportando funcionalidad y una est\u00e9tica serena que se integra f\u00e1cilmente en el [&hellip;]<\/p>\n","protected":false},"featured_media":3916,"comment_status":"closed","ping_status":"closed","template":"","meta":{"_et_pb_use_builder":"","_et_pb_old_content":"","_et_gb_content_width":""},"product_brand":[],"product_cat":[51],"product_tag":[41],"class_list":{"0":"post-3911","1":"product","2":"type-product","3":"status-publish","4":"has-post-thumbnail","6":"product_cat-mesas-de-luz","7":"product_tag-0_fotos","9":"first","10":"instock","11":"product-type-simple"},"_links":{"self":[{"href":"http:\/\/barsante.com.ar\/disegno\/wp-json\/wp\/v2\/product\/3911","targetHints":{"allow":["GET"]}}],"collection":[{"href":"http:\/\/barsante.com.ar\/disegno\/wp-json\/wp\/v2\/product"}],"about":[{"href":"http:\/\/barsante.com.ar\/disegno\/wp-json\/wp\/v2\/types\/product"}],"replies":[{"embeddable":true,"href":"http:\/\/barsante.com.ar\/disegno\/wp-json\/wp\/v2\/comments?post=3911"}],"wp:featuredmedia":[{"embeddable":true,"href":"http:\/\/barsante.com.ar\/disegno\/wp-json\/wp\/v2\/media\/3916"}],"wp:attachment":[{"href":"http:\/\/barsante.com.ar\/disegno\/wp-json\/wp\/v2\/media?parent=3911"}],"wp:term":[{"taxonomy":"product_brand","embeddable":true,"href":"http:\/\/barsante.com.ar\/disegno\/wp-json\/wp\/v2\/product_brand?post=3911"},{"taxonomy":"product_cat","embeddable":true,"href":"http:\/\/barsante.com.ar\/disegno\/wp-json\/wp\/v2\/product_cat?post=3911"},{"taxonomy":"product_tag","embeddable":true,"href":"http:\/\/barsante.com.ar\/disegno\/wp-json\/wp\/v2\/product_tag?post=3911"}],"curies":[{"name":"wp","href":"https:\/\/api.w.org\/{rel}","templated":true}]}}