{"id":3934,"date":"2026-03-27T13:24:48","date_gmt":"2026-03-27T13:24:48","guid":{"rendered":"http:\/\/barsante.com.ar\/disegno\/?post_type=product&#038;p=3934"},"modified":"2026-03-27T14:27:44","modified_gmt":"2026-03-27T14:27:44","slug":"serdena","status":"publish","type":"product","link":"http:\/\/barsante.com.ar\/disegno\/producto\/mesas\/mesas-de-comedor\/serdena\/","title":{"rendered":"Serde\u00f1a"},"content":{"rendered":"<p>se distingue por su dise\u00f1o limpio y contempor\u00e1neo, donde la ligereza del plano de vidrio dialoga con la solidez c\u00e1lida de su base cil\u00edndrica de madera. Su presencia equilibrada genera un punto central elegante y sereno, acompa\u00f1ando los espacios con naturalidad y aportando car\u00e1cter sin perder simpleza ni armon\u00eda<\/p>\n","protected":false},"excerpt":{"rendered":"<p>se distingue por su dise\u00f1o limpio y contempor\u00e1neo, donde la ligereza del plano de vidrio dialoga con la solidez c\u00e1lida de su base cil\u00edndrica de madera. Su presencia equilibrada genera un punto central elegante y sereno, acompa\u00f1ando los espacios con naturalidad y aportando car\u00e1cter sin perder simpleza ni armon\u00eda<\/p>\n","protected":false},"featured_media":3938,"comment_status":"open","ping_status":"closed","template":"","meta":{"_et_pb_use_builder":"","_et_pb_old_content":"","_et_gb_content_width":""},"product_brand":[],"product_cat":[27],"product_tag":[],"class_list":{"0":"post-3934","1":"product","2":"type-product","3":"status-publish","4":"has-post-thumbnail","6":"product_cat-mesas-de-comedor","8":"first","9":"instock","10":"shipping-taxable","11":"product-type-simple"},"_links":{"self":[{"href":"http:\/\/barsante.com.ar\/disegno\/wp-json\/wp\/v2\/product\/3934","targetHints":{"allow":["GET"]}}],"collection":[{"href":"http:\/\/barsante.com.ar\/disegno\/wp-json\/wp\/v2\/product"}],"about":[{"href":"http:\/\/barsante.com.ar\/disegno\/wp-json\/wp\/v2\/types\/product"}],"replies":[{"embeddable":true,"href":"http:\/\/barsante.com.ar\/disegno\/wp-json\/wp\/v2\/comments?post=3934"}],"wp:featuredmedia":[{"embeddable":true,"href":"http:\/\/barsante.com.ar\/disegno\/wp-json\/wp\/v2\/media\/3938"}],"wp:attachment":[{"href":"http:\/\/barsante.com.ar\/disegno\/wp-json\/wp\/v2\/media?parent=3934"}],"wp:term":[{"taxonomy":"product_brand","embeddable":true,"href":"http:\/\/barsante.com.ar\/disegno\/wp-json\/wp\/v2\/product_brand?post=3934"},{"taxonomy":"product_cat","embeddable":true,"href":"http:\/\/barsante.com.ar\/disegno\/wp-json\/wp\/v2\/product_cat?post=3934"},{"taxonomy":"product_tag","embeddable":true,"href":"http:\/\/barsante.com.ar\/disegno\/wp-json\/wp\/v2\/product_tag?post=3934"}],"curies":[{"name":"wp","href":"https:\/\/api.w.org\/{rel}","templated":true}]}}