{"id":1006,"date":"2025-07-22T19:25:37","date_gmt":"2025-07-22T19:25:37","guid":{"rendered":"http:\/\/barsante.com.ar\/disegno\/producto\/sin%20categor\u00eda\/giovanna\/"},"modified":"2026-02-12T12:30:12","modified_gmt":"2026-02-12T12:30:12","slug":"giovanna","status":"publish","type":"product","link":"https:\/\/barsante.com.ar\/disegno\/producto\/sillas\/giovanna\/","title":{"rendered":"giovanna"},"content":{"rendered":"<p>La silla Giovanna fue dise\u00f1ada para exagerar en formas org\u00e1nicas y fluidas. Su total ausencia de esquinas y \u00e1ngulos es parte de un estilo de dise\u00f1o que el dise\u00f1ador ha denominado \u00abdise\u00f1o l\u00edquido\u00bb. La estructura de madera maciza redondeada, con radios amplios, permiti\u00f3 que pudiera fabricarse con un material m\u00e1s grueso y resistente sin perder su delicadeza visual.<\/p>\n","protected":false},"excerpt":{"rendered":"<p>La silla Giovanna fue dise\u00f1ada para exagerar en formas org\u00e1nicas y fluidas. Su total ausencia de esquinas y \u00e1ngulos es parte de un estilo de dise\u00f1o que el dise\u00f1ador ha denominado \u00abdise\u00f1o l\u00edquido\u00bb. La estructura de madera maciza redondeada, con radios amplios, permiti\u00f3 que pudiera fabricarse con un material m\u00e1s grueso y resistente sin perder [&hellip;]<\/p>\n","protected":false},"featured_media":3070,"comment_status":"closed","ping_status":"closed","template":"","meta":{"_et_pb_use_builder":"","_et_pb_old_content":"","_et_gb_content_width":""},"product_brand":[],"product_cat":[16],"product_tag":[41],"class_list":{"0":"post-1006","1":"product","2":"type-product","3":"status-publish","4":"has-post-thumbnail","6":"product_cat-sillas","7":"product_tag-0_fotos","9":"first","10":"instock","11":"product-type-simple"},"_links":{"self":[{"href":"https:\/\/barsante.com.ar\/disegno\/wp-json\/wp\/v2\/product\/1006","targetHints":{"allow":["GET"]}}],"collection":[{"href":"https:\/\/barsante.com.ar\/disegno\/wp-json\/wp\/v2\/product"}],"about":[{"href":"https:\/\/barsante.com.ar\/disegno\/wp-json\/wp\/v2\/types\/product"}],"replies":[{"embeddable":true,"href":"https:\/\/barsante.com.ar\/disegno\/wp-json\/wp\/v2\/comments?post=1006"}],"wp:featuredmedia":[{"embeddable":true,"href":"https:\/\/barsante.com.ar\/disegno\/wp-json\/wp\/v2\/media\/3070"}],"wp:attachment":[{"href":"https:\/\/barsante.com.ar\/disegno\/wp-json\/wp\/v2\/media?parent=1006"}],"wp:term":[{"taxonomy":"product_brand","embeddable":true,"href":"https:\/\/barsante.com.ar\/disegno\/wp-json\/wp\/v2\/product_brand?post=1006"},{"taxonomy":"product_cat","embeddable":true,"href":"https:\/\/barsante.com.ar\/disegno\/wp-json\/wp\/v2\/product_cat?post=1006"},{"taxonomy":"product_tag","embeddable":true,"href":"https:\/\/barsante.com.ar\/disegno\/wp-json\/wp\/v2\/product_tag?post=1006"}],"curies":[{"name":"wp","href":"https:\/\/api.w.org\/{rel}","templated":true}]}}