{"id":1201,"date":"2025-07-22T20:02:07","date_gmt":"2025-07-22T20:02:07","guid":{"rendered":"http:\/\/barsante.com.ar\/disegno\/producto\/sin%20categor\u00eda\/aurora\/"},"modified":"2026-02-23T11:52:43","modified_gmt":"2026-02-23T11:52:43","slug":"aurora","status":"publish","type":"product","link":"https:\/\/barsante.com.ar\/disegno\/producto\/sillones\/aurora\/","title":{"rendered":"aurora"},"content":{"rendered":"<p>Esta poltrona naci\u00f3 de manera espont\u00e1nea, demostrando c\u00f3mo un dise\u00f1o que comenz\u00f3 de forma improvisada, con un gui\u00f1o al mundo de la moda y la sastrer\u00eda a trav\u00e9s de su ic\u00f3nico cierre gigante y su tapicer\u00eda bicolor, puede transformarse en una pieza refinada y juvenil. Aqu\u00ed, el detalle se convierte en protagonista. Adem\u00e1s de rendir homenaje al arte del corte y la costura, el cierre no solo aporta un diferencial est\u00e9tico, sino que tambi\u00e9n permite una amplia variedad de combinaciones de colores y texturas en la tapicer\u00eda. Su estructura de madera es una obra maestra de producci\u00f3n, con un respaldo esculpido en una forma semi-helicoidal que refuerza la idea de movimiento. En la base, una sutil superposici\u00f3n en forma de cruz reafirma el concepto de continuidad, convirtiendo esta poltrona en una pieza \u00fanica y expresiva.<\/p>\n","protected":false},"excerpt":{"rendered":"<p>Esta poltrona naci\u00f3 de manera espont\u00e1nea, demostrando c\u00f3mo un dise\u00f1o que comenz\u00f3 de forma improvisada, con un gui\u00f1o al mundo de la moda y la sastrer\u00eda a trav\u00e9s de su ic\u00f3nico cierre gigante y su tapicer\u00eda bicolor, puede transformarse en una pieza refinada y juvenil. Aqu\u00ed, el detalle se convierte en protagonista. Adem\u00e1s de rendir [&hellip;]<\/p>\n","protected":false},"featured_media":3169,"comment_status":"closed","ping_status":"closed","template":"","meta":{"_et_pb_use_builder":"","_et_pb_old_content":"","_et_gb_content_width":""},"product_brand":[],"product_cat":[22],"product_tag":[],"class_list":{"0":"post-1201","1":"product","2":"type-product","3":"status-publish","4":"has-post-thumbnail","6":"product_cat-sillones","8":"first","9":"instock","10":"product-type-simple"},"_links":{"self":[{"href":"https:\/\/barsante.com.ar\/disegno\/wp-json\/wp\/v2\/product\/1201","targetHints":{"allow":["GET"]}}],"collection":[{"href":"https:\/\/barsante.com.ar\/disegno\/wp-json\/wp\/v2\/product"}],"about":[{"href":"https:\/\/barsante.com.ar\/disegno\/wp-json\/wp\/v2\/types\/product"}],"replies":[{"embeddable":true,"href":"https:\/\/barsante.com.ar\/disegno\/wp-json\/wp\/v2\/comments?post=1201"}],"wp:featuredmedia":[{"embeddable":true,"href":"https:\/\/barsante.com.ar\/disegno\/wp-json\/wp\/v2\/media\/3169"}],"wp:attachment":[{"href":"https:\/\/barsante.com.ar\/disegno\/wp-json\/wp\/v2\/media?parent=1201"}],"wp:term":[{"taxonomy":"product_brand","embeddable":true,"href":"https:\/\/barsante.com.ar\/disegno\/wp-json\/wp\/v2\/product_brand?post=1201"},{"taxonomy":"product_cat","embeddable":true,"href":"https:\/\/barsante.com.ar\/disegno\/wp-json\/wp\/v2\/product_cat?post=1201"},{"taxonomy":"product_tag","embeddable":true,"href":"https:\/\/barsante.com.ar\/disegno\/wp-json\/wp\/v2\/product_tag?post=1201"}],"curies":[{"name":"wp","href":"https:\/\/api.w.org\/{rel}","templated":true}]}}