{"id":1207,"date":"2025-07-22T20:02:07","date_gmt":"2025-07-22T20:02:07","guid":{"rendered":"http:\/\/barsante.com.ar\/disegno\/producto\/sin%20categor\u00eda\/romana\/"},"modified":"2026-02-23T11:42:50","modified_gmt":"2026-02-23T11:42:50","slug":"romana","status":"publish","type":"product","link":"https:\/\/barsante.com.ar\/disegno\/producto\/sillones\/romana\/","title":{"rendered":"romana"},"content":{"rendered":"<p>Esta poltrona es un tributo a los sofisticados dise\u00f1os en multilaminado moldeado de la d\u00e9cada de 1950. Su objetivo es explorar la composici\u00f3n en capas, combinando materiales nobles en perfecta armon\u00eda. Desde su interior, la poltrona cuenta con una tapicer\u00eda modelada que cubre org\u00e1nicamente toda la estructura de madera, proporcionando confort y uniformidad. La segunda capa resalta la belleza natural del multilaminado, con l\u00edneas que generan amplias superficies, \u00e1ngulos audaces y tonos contrastantes en el acabado de la madera. Finalmente, una estructura de acero envuelve la pieza, aportando ligereza y un sutil contraste que realza la madera. Sus curvas complejas no solo complementan el dise\u00f1o, sino que tambi\u00e9n garantizan resistencia y estabilidad. Con estos elementos, esta poltrona redefine la atemporalidad de los muebles ic\u00f3nicos de la \u00e9poca, adapt\u00e1ndose con elegancia tanto a espacios cl\u00e1sicos como contempor\u00e1neos.<\/p>\n","protected":false},"excerpt":{"rendered":"<p>Esta poltrona es un tributo a los sofisticados dise\u00f1os en multilaminado moldeado de la d\u00e9cada de 1950. Su objetivo es explorar la composici\u00f3n en capas, combinando materiales nobles en perfecta armon\u00eda. Desde su interior, la poltrona cuenta con una tapicer\u00eda modelada que cubre org\u00e1nicamente toda la estructura de madera, proporcionando confort y uniformidad. La segunda [&hellip;]<\/p>\n","protected":false},"featured_media":3166,"comment_status":"closed","ping_status":"closed","template":"","meta":{"_et_pb_use_builder":"","_et_pb_old_content":"","_et_gb_content_width":""},"product_brand":[],"product_cat":[22],"product_tag":[42],"class_list":{"0":"post-1207","1":"product","2":"type-product","3":"status-publish","4":"has-post-thumbnail","6":"product_cat-sillones","7":"product_tag-2_fotos","9":"first","10":"instock","11":"product-type-simple"},"_links":{"self":[{"href":"https:\/\/barsante.com.ar\/disegno\/wp-json\/wp\/v2\/product\/1207","targetHints":{"allow":["GET"]}}],"collection":[{"href":"https:\/\/barsante.com.ar\/disegno\/wp-json\/wp\/v2\/product"}],"about":[{"href":"https:\/\/barsante.com.ar\/disegno\/wp-json\/wp\/v2\/types\/product"}],"replies":[{"embeddable":true,"href":"https:\/\/barsante.com.ar\/disegno\/wp-json\/wp\/v2\/comments?post=1207"}],"wp:featuredmedia":[{"embeddable":true,"href":"https:\/\/barsante.com.ar\/disegno\/wp-json\/wp\/v2\/media\/3166"}],"wp:attachment":[{"href":"https:\/\/barsante.com.ar\/disegno\/wp-json\/wp\/v2\/media?parent=1207"}],"wp:term":[{"taxonomy":"product_brand","embeddable":true,"href":"https:\/\/barsante.com.ar\/disegno\/wp-json\/wp\/v2\/product_brand?post=1207"},{"taxonomy":"product_cat","embeddable":true,"href":"https:\/\/barsante.com.ar\/disegno\/wp-json\/wp\/v2\/product_cat?post=1207"},{"taxonomy":"product_tag","embeddable":true,"href":"https:\/\/barsante.com.ar\/disegno\/wp-json\/wp\/v2\/product_tag?post=1207"}],"curies":[{"name":"wp","href":"https:\/\/api.w.org\/{rel}","templated":true}]}}