{"id":1279,"date":"2025-07-22T21:20:29","date_gmt":"2025-07-22T21:20:29","guid":{"rendered":"http:\/\/barsante.com.ar\/disegno\/?post_type=product&#038;p=1279"},"modified":"2026-02-23T11:54:03","modified_gmt":"2026-02-23T11:54:03","slug":"anna-2","status":"publish","type":"product","link":"https:\/\/barsante.com.ar\/disegno\/producto\/sillones\/anna-2\/","title":{"rendered":"anna"},"content":{"rendered":"<p>Asiento: Fijo, sin detalle de costuras.<br \/>\nRespaldo: Fijo, con costuras de ribete compuesto, con opci\u00f3n de lino<br \/>\no terciopelo.<br \/>\nReposabrazos: Fijo, con costuras de ribete compuesto, con opci\u00f3n de<br \/>\nlino o terciopelo.<br \/>\nSoporte: Opci\u00f3n de base giratoria, en acero al carbono en acabado MTX en color negro o pie en polipropileno inyectado en color negro<br \/>\nBase giratoria.<\/p>\n","protected":false},"excerpt":{"rendered":"<p>Asiento: Fijo, sin detalle de costuras. Respaldo: Fijo, con costuras de ribete compuesto, con opci\u00f3n de lino o terciopelo. Reposabrazos: Fijo, con costuras de ribete compuesto, con opci\u00f3n de lino o terciopelo. Soporte: Opci\u00f3n de base giratoria, en acero al carbono en acabado MTX en color negro o pie en polipropileno inyectado en color negro [&hellip;]<\/p>\n","protected":false},"featured_media":3170,"comment_status":"closed","ping_status":"closed","template":"","meta":{"_et_pb_use_builder":"","_et_pb_old_content":"","_et_gb_content_width":""},"product_brand":[],"product_cat":[22],"product_tag":[],"class_list":{"0":"post-1279","1":"product","2":"type-product","3":"status-publish","4":"has-post-thumbnail","6":"product_cat-sillones","8":"first","9":"instock","10":"product-type-simple"},"_links":{"self":[{"href":"https:\/\/barsante.com.ar\/disegno\/wp-json\/wp\/v2\/product\/1279","targetHints":{"allow":["GET"]}}],"collection":[{"href":"https:\/\/barsante.com.ar\/disegno\/wp-json\/wp\/v2\/product"}],"about":[{"href":"https:\/\/barsante.com.ar\/disegno\/wp-json\/wp\/v2\/types\/product"}],"replies":[{"embeddable":true,"href":"https:\/\/barsante.com.ar\/disegno\/wp-json\/wp\/v2\/comments?post=1279"}],"wp:featuredmedia":[{"embeddable":true,"href":"https:\/\/barsante.com.ar\/disegno\/wp-json\/wp\/v2\/media\/3170"}],"wp:attachment":[{"href":"https:\/\/barsante.com.ar\/disegno\/wp-json\/wp\/v2\/media?parent=1279"}],"wp:term":[{"taxonomy":"product_brand","embeddable":true,"href":"https:\/\/barsante.com.ar\/disegno\/wp-json\/wp\/v2\/product_brand?post=1279"},{"taxonomy":"product_cat","embeddable":true,"href":"https:\/\/barsante.com.ar\/disegno\/wp-json\/wp\/v2\/product_cat?post=1279"},{"taxonomy":"product_tag","embeddable":true,"href":"https:\/\/barsante.com.ar\/disegno\/wp-json\/wp\/v2\/product_tag?post=1279"}],"curies":[{"name":"wp","href":"https:\/\/api.w.org\/{rel}","templated":true}]}}