{"id":1506,"date":"2025-08-15T17:39:45","date_gmt":"2025-08-15T17:39:45","guid":{"rendered":"http:\/\/barsante.com.ar\/disegno\/producto\/sin%20categor\u00eda\/anna-3\/"},"modified":"2025-08-19T22:49:04","modified_gmt":"2025-08-19T22:49:04","slug":"anna-3","status":"publish","type":"product","link":"https:\/\/barsante.com.ar\/disegno\/producto\/banquetas\/anna-3\/","title":{"rendered":"anna"},"content":{"rendered":"<p>Con meticulosa atenci\u00f3n a los detalles y habilidad artesanal, la banqueta Anna est\u00e1 inspirada en el mobiliario que rodeaba los hogares estadounidenses en la d\u00e9cada de 1950. Un mobiliario elegante y retro, con un enfoque centrado en el minimalismo t\u00edpico de la est\u00e9tica danesa.<\/p>\n<p>El respaldo y el asiento tapizados ofrecen un nivel inesperado de confort y est\u00e1n perfectamente posicionados para brindar apoyo, destacando el detalle en cuero y la combinaci\u00f3n de diferentes materiales.<\/p>\n","protected":false},"excerpt":{"rendered":"<p>Con meticulosa atenci\u00f3n a los detalles y habilidad artesanal, la banqueta Anna est\u00e1 inspirada en el mobiliario que rodeaba los hogares estadounidenses en la d\u00e9cada de 1950. Un mobiliario elegante y retro, con un enfoque centrado en el minimalismo t\u00edpico de la est\u00e9tica danesa. El respaldo y el asiento tapizados ofrecen un nivel inesperado de [&hellip;]<\/p>\n","protected":false},"featured_media":1558,"comment_status":"closed","ping_status":"closed","template":"","meta":{"_et_pb_use_builder":"","_et_pb_old_content":"","_et_gb_content_width":""},"product_brand":[],"product_cat":[21],"product_tag":[38],"class_list":{"0":"post-1506","1":"product","2":"type-product","3":"status-publish","4":"has-post-thumbnail","6":"product_cat-banquetas","7":"product_tag-9_fotos","9":"first","10":"instock","11":"product-type-simple"},"_links":{"self":[{"href":"https:\/\/barsante.com.ar\/disegno\/wp-json\/wp\/v2\/product\/1506","targetHints":{"allow":["GET"]}}],"collection":[{"href":"https:\/\/barsante.com.ar\/disegno\/wp-json\/wp\/v2\/product"}],"about":[{"href":"https:\/\/barsante.com.ar\/disegno\/wp-json\/wp\/v2\/types\/product"}],"replies":[{"embeddable":true,"href":"https:\/\/barsante.com.ar\/disegno\/wp-json\/wp\/v2\/comments?post=1506"}],"wp:featuredmedia":[{"embeddable":true,"href":"https:\/\/barsante.com.ar\/disegno\/wp-json\/wp\/v2\/media\/1558"}],"wp:attachment":[{"href":"https:\/\/barsante.com.ar\/disegno\/wp-json\/wp\/v2\/media?parent=1506"}],"wp:term":[{"taxonomy":"product_brand","embeddable":true,"href":"https:\/\/barsante.com.ar\/disegno\/wp-json\/wp\/v2\/product_brand?post=1506"},{"taxonomy":"product_cat","embeddable":true,"href":"https:\/\/barsante.com.ar\/disegno\/wp-json\/wp\/v2\/product_cat?post=1506"},{"taxonomy":"product_tag","embeddable":true,"href":"https:\/\/barsante.com.ar\/disegno\/wp-json\/wp\/v2\/product_tag?post=1506"}],"curies":[{"name":"wp","href":"https:\/\/api.w.org\/{rel}","templated":true}]}}