{"id":1507,"date":"2025-08-15T17:39:45","date_gmt":"2025-08-15T17:39:45","guid":{"rendered":"http:\/\/barsante.com.ar\/disegno\/producto\/sin%20categor\u00eda\/diana-2\/"},"modified":"2026-01-27T00:21:10","modified_gmt":"2026-01-27T00:21:10","slug":"diana-2","status":"publish","type":"product","link":"https:\/\/barsante.com.ar\/disegno\/producto\/banquetas\/diana-2\/","title":{"rendered":"diana"},"content":{"rendered":"<p>Esta banqueta es una expresi\u00f3n aut\u00e9ntica de la excelencia en la ebanister\u00eda brasile\u00f1a, elevando el dise\u00f1o y la calidad a un nivel superior. Inspirada en la rica tradici\u00f3n de la carpinter\u00eda en Brasil, esta colecci\u00f3n rinde homenaje a la habilidad artesanal y a la dedicaci\u00f3n a la calidad.<\/p>\n<p>Los muebles se distinguen por una elegancia minimalista que resalta la belleza natural de la madera trabajada con maquinaria de 5 ejes. Cada pieza est\u00e1 cuidadosamente dise\u00f1ada para ofrecer una est\u00e9tica limpia y sofisticada, permitiendo que la calidad de la ebanister\u00eda y la textura de la madera sean los protagonistas.<\/p>\n<p>La tecnolog\u00eda de mecanizado en 5 ejes se aplica con maestr\u00eda para esculpir y moldear cada pieza con precisi\u00f3n. Esta fusi\u00f3n entre t\u00e9cnica y sensibilidad artesanal da como resultado muebles que no solo impresionan visualmente, sino que tambi\u00e9n son un testimonio de la destreza y el talento de los ebanistas que los crean.<\/p>\n","protected":false},"excerpt":{"rendered":"<p>Esta banqueta es una expresi\u00f3n aut\u00e9ntica de la excelencia en la ebanister\u00eda brasile\u00f1a, elevando el dise\u00f1o y la calidad a un nivel superior. Inspirada en la rica tradici\u00f3n de la carpinter\u00eda en Brasil, esta colecci\u00f3n rinde homenaje a la habilidad artesanal y a la dedicaci\u00f3n a la calidad. Los muebles se distinguen por una elegancia [&hellip;]<\/p>\n","protected":false},"featured_media":2706,"comment_status":"closed","ping_status":"closed","template":"","meta":{"_et_pb_use_builder":"","_et_pb_old_content":"","_et_gb_content_width":""},"product_brand":[],"product_cat":[21],"product_tag":[44],"class_list":{"0":"post-1507","1":"product","2":"type-product","3":"status-publish","4":"has-post-thumbnail","6":"product_cat-banquetas","7":"product_tag-5_fotos","9":"first","10":"instock","11":"product-type-simple"},"_links":{"self":[{"href":"https:\/\/barsante.com.ar\/disegno\/wp-json\/wp\/v2\/product\/1507","targetHints":{"allow":["GET"]}}],"collection":[{"href":"https:\/\/barsante.com.ar\/disegno\/wp-json\/wp\/v2\/product"}],"about":[{"href":"https:\/\/barsante.com.ar\/disegno\/wp-json\/wp\/v2\/types\/product"}],"replies":[{"embeddable":true,"href":"https:\/\/barsante.com.ar\/disegno\/wp-json\/wp\/v2\/comments?post=1507"}],"wp:featuredmedia":[{"embeddable":true,"href":"https:\/\/barsante.com.ar\/disegno\/wp-json\/wp\/v2\/media\/2706"}],"wp:attachment":[{"href":"https:\/\/barsante.com.ar\/disegno\/wp-json\/wp\/v2\/media?parent=1507"}],"wp:term":[{"taxonomy":"product_brand","embeddable":true,"href":"https:\/\/barsante.com.ar\/disegno\/wp-json\/wp\/v2\/product_brand?post=1507"},{"taxonomy":"product_cat","embeddable":true,"href":"https:\/\/barsante.com.ar\/disegno\/wp-json\/wp\/v2\/product_cat?post=1507"},{"taxonomy":"product_tag","embeddable":true,"href":"https:\/\/barsante.com.ar\/disegno\/wp-json\/wp\/v2\/product_tag?post=1507"}],"curies":[{"name":"wp","href":"https:\/\/api.w.org\/{rel}","templated":true}]}}