{"id":1509,"date":"2025-08-15T17:39:45","date_gmt":"2025-08-15T17:39:45","guid":{"rendered":"http:\/\/barsante.com.ar\/disegno\/producto\/sin%20categor\u00eda\/emma\/"},"modified":"2026-01-27T00:13:00","modified_gmt":"2026-01-27T00:13:00","slug":"emma","status":"publish","type":"product","link":"https:\/\/barsante.com.ar\/disegno\/producto\/banquetas\/emma\/","title":{"rendered":"emma"},"content":{"rendered":"<p>La banqueta Emma fue dise\u00f1ada para innovar, y con este objetivo se utiliz\u00f3 un mecanizado muy especial. Siguiendo la tendencia de objetos con formas m\u00e1s org\u00e1nicas, sus uniones son casi imperceptibles, lo que aporta delicadeza y suavidad. Al mismo tiempo, su respaldo presenta un dise\u00f1o llamativo, con gran personalidad y elegancia.<\/p>\n","protected":false},"excerpt":{"rendered":"<p>La banqueta Emma fue dise\u00f1ada para innovar, y con este objetivo se utiliz\u00f3 un mecanizado muy especial. Siguiendo la tendencia de objetos con formas m\u00e1s org\u00e1nicas, sus uniones son casi imperceptibles, lo que aporta delicadeza y suavidad. Al mismo tiempo, su respaldo presenta un dise\u00f1o llamativo, con gran personalidad y elegancia.<\/p>\n","protected":false},"featured_media":2704,"comment_status":"closed","ping_status":"closed","template":"","meta":{"_et_pb_use_builder":"","_et_pb_old_content":"","_et_gb_content_width":""},"product_brand":[],"product_cat":[21],"product_tag":[41],"class_list":{"0":"post-1509","1":"product","2":"type-product","3":"status-publish","4":"has-post-thumbnail","6":"product_cat-banquetas","7":"product_tag-0_fotos","9":"first","10":"instock","11":"product-type-simple"},"_links":{"self":[{"href":"https:\/\/barsante.com.ar\/disegno\/wp-json\/wp\/v2\/product\/1509","targetHints":{"allow":["GET"]}}],"collection":[{"href":"https:\/\/barsante.com.ar\/disegno\/wp-json\/wp\/v2\/product"}],"about":[{"href":"https:\/\/barsante.com.ar\/disegno\/wp-json\/wp\/v2\/types\/product"}],"replies":[{"embeddable":true,"href":"https:\/\/barsante.com.ar\/disegno\/wp-json\/wp\/v2\/comments?post=1509"}],"wp:featuredmedia":[{"embeddable":true,"href":"https:\/\/barsante.com.ar\/disegno\/wp-json\/wp\/v2\/media\/2704"}],"wp:attachment":[{"href":"https:\/\/barsante.com.ar\/disegno\/wp-json\/wp\/v2\/media?parent=1509"}],"wp:term":[{"taxonomy":"product_brand","embeddable":true,"href":"https:\/\/barsante.com.ar\/disegno\/wp-json\/wp\/v2\/product_brand?post=1509"},{"taxonomy":"product_cat","embeddable":true,"href":"https:\/\/barsante.com.ar\/disegno\/wp-json\/wp\/v2\/product_cat?post=1509"},{"taxonomy":"product_tag","embeddable":true,"href":"https:\/\/barsante.com.ar\/disegno\/wp-json\/wp\/v2\/product_tag?post=1509"}],"curies":[{"name":"wp","href":"https:\/\/api.w.org\/{rel}","templated":true}]}}