{"id":1511,"date":"2025-08-15T17:39:45","date_gmt":"2025-08-15T17:39:45","guid":{"rendered":"http:\/\/barsante.com.ar\/disegno\/producto\/sin%20categor\u00eda\/lucrecia-2\/"},"modified":"2025-08-19T22:32:42","modified_gmt":"2025-08-19T22:32:42","slug":"lucrecia-2","status":"publish","type":"product","link":"https:\/\/barsante.com.ar\/disegno\/producto\/banquetas\/lucrecia-2\/","title":{"rendered":"lucrecia"},"content":{"rendered":"<p>La banqueta Lucrecia fue creada bajo el concepto de R\u00edo de Janeiro, evocando la ebanister\u00eda atemporal de la vieja escuela, el ic\u00f3nico Cristo Redentor y el esp\u00edritu del surf en su litoral. Son elementos de sectores distintos, pero que representan la esencia de su gente. Esta l\u00ednea rinde homenaje a una de las ciudades m\u00e1s hermosas del mundo.<\/p>\n","protected":false},"excerpt":{"rendered":"<p>La banqueta Lucrecia fue creada bajo el concepto de R\u00edo de Janeiro, evocando la ebanister\u00eda atemporal de la vieja escuela, el ic\u00f3nico Cristo Redentor y el esp\u00edritu del surf en su litoral. Son elementos de sectores distintos, pero que representan la esencia de su gente. Esta l\u00ednea rinde homenaje a una de las ciudades m\u00e1s [&hellip;]<\/p>\n","protected":false},"featured_media":1584,"comment_status":"closed","ping_status":"closed","template":"","meta":{"_et_pb_use_builder":"","_et_pb_old_content":"","_et_gb_content_width":""},"product_brand":[],"product_cat":[21],"product_tag":[38],"class_list":{"0":"post-1511","1":"product","2":"type-product","3":"status-publish","4":"has-post-thumbnail","6":"product_cat-banquetas","7":"product_tag-9_fotos","9":"first","10":"instock","11":"product-type-simple"},"_links":{"self":[{"href":"https:\/\/barsante.com.ar\/disegno\/wp-json\/wp\/v2\/product\/1511","targetHints":{"allow":["GET"]}}],"collection":[{"href":"https:\/\/barsante.com.ar\/disegno\/wp-json\/wp\/v2\/product"}],"about":[{"href":"https:\/\/barsante.com.ar\/disegno\/wp-json\/wp\/v2\/types\/product"}],"replies":[{"embeddable":true,"href":"https:\/\/barsante.com.ar\/disegno\/wp-json\/wp\/v2\/comments?post=1511"}],"wp:featuredmedia":[{"embeddable":true,"href":"https:\/\/barsante.com.ar\/disegno\/wp-json\/wp\/v2\/media\/1584"}],"wp:attachment":[{"href":"https:\/\/barsante.com.ar\/disegno\/wp-json\/wp\/v2\/media?parent=1511"}],"wp:term":[{"taxonomy":"product_brand","embeddable":true,"href":"https:\/\/barsante.com.ar\/disegno\/wp-json\/wp\/v2\/product_brand?post=1511"},{"taxonomy":"product_cat","embeddable":true,"href":"https:\/\/barsante.com.ar\/disegno\/wp-json\/wp\/v2\/product_cat?post=1511"},{"taxonomy":"product_tag","embeddable":true,"href":"https:\/\/barsante.com.ar\/disegno\/wp-json\/wp\/v2\/product_tag?post=1511"}],"curies":[{"name":"wp","href":"https:\/\/api.w.org\/{rel}","templated":true}]}}