{"id":1512,"date":"2025-08-15T17:39:45","date_gmt":"2025-08-15T17:39:45","guid":{"rendered":"http:\/\/barsante.com.ar\/disegno\/producto\/sin%20categor\u00eda\/nova-3\/"},"modified":"2025-08-19T22:39:13","modified_gmt":"2025-08-19T22:39:13","slug":"nova-3","status":"publish","type":"product","link":"https:\/\/barsante.com.ar\/disegno\/producto\/banquetas\/nova-3\/","title":{"rendered":"nova"},"content":{"rendered":"<p>La l\u00ednea de asientos Nova fue dise\u00f1ada para brindar bienestar y contribuir a una configuraci\u00f3n delicada y sorprendente. Se puso un enfoque especial en el aspecto sensorial, enfatizando la calidez y la sensaci\u00f3n de protecci\u00f3n.<\/p>\n<p>Cuenta con una estructura met\u00e1lica y reposabrazos de madera maciza. El respaldo y el asiento tapizados forman una uni\u00f3n impecable para favorecer el autocuidado. Como detalle distintivo, los laterales de los brazos est\u00e1n revestidos en cuero reconstituido.<\/p>\n","protected":false},"excerpt":{"rendered":"<p>La l\u00ednea de asientos Nova fue dise\u00f1ada para brindar bienestar y contribuir a una configuraci\u00f3n delicada y sorprendente. Se puso un enfoque especial en el aspecto sensorial, enfatizando la calidez y la sensaci\u00f3n de protecci\u00f3n. Cuenta con una estructura met\u00e1lica y reposabrazos de madera maciza. El respaldo y el asiento tapizados forman una uni\u00f3n impecable [&hellip;]<\/p>\n","protected":false},"featured_media":1058,"comment_status":"closed","ping_status":"closed","template":"","meta":{"_et_pb_use_builder":"","_et_pb_old_content":"","_et_gb_content_width":""},"product_brand":[],"product_cat":[21],"product_tag":[44],"class_list":{"0":"post-1512","1":"product","2":"type-product","3":"status-publish","4":"has-post-thumbnail","6":"product_cat-banquetas","7":"product_tag-5_fotos","9":"first","10":"instock","11":"product-type-simple"},"_links":{"self":[{"href":"https:\/\/barsante.com.ar\/disegno\/wp-json\/wp\/v2\/product\/1512","targetHints":{"allow":["GET"]}}],"collection":[{"href":"https:\/\/barsante.com.ar\/disegno\/wp-json\/wp\/v2\/product"}],"about":[{"href":"https:\/\/barsante.com.ar\/disegno\/wp-json\/wp\/v2\/types\/product"}],"replies":[{"embeddable":true,"href":"https:\/\/barsante.com.ar\/disegno\/wp-json\/wp\/v2\/comments?post=1512"}],"wp:featuredmedia":[{"embeddable":true,"href":"https:\/\/barsante.com.ar\/disegno\/wp-json\/wp\/v2\/media\/1058"}],"wp:attachment":[{"href":"https:\/\/barsante.com.ar\/disegno\/wp-json\/wp\/v2\/media?parent=1512"}],"wp:term":[{"taxonomy":"product_brand","embeddable":true,"href":"https:\/\/barsante.com.ar\/disegno\/wp-json\/wp\/v2\/product_brand?post=1512"},{"taxonomy":"product_cat","embeddable":true,"href":"https:\/\/barsante.com.ar\/disegno\/wp-json\/wp\/v2\/product_cat?post=1512"},{"taxonomy":"product_tag","embeddable":true,"href":"https:\/\/barsante.com.ar\/disegno\/wp-json\/wp\/v2\/product_tag?post=1512"}],"curies":[{"name":"wp","href":"https:\/\/api.w.org\/{rel}","templated":true}]}}