{"id":1514,"date":"2025-08-15T17:42:00","date_gmt":"2025-08-15T17:42:00","guid":{"rendered":"http:\/\/barsante.com.ar\/disegno\/producto\/sin%20categor\u00eda\/capri\/"},"modified":"2025-08-20T15:13:13","modified_gmt":"2025-08-20T15:13:13","slug":"capri","status":"publish","type":"product","link":"https:\/\/barsante.com.ar\/disegno\/producto\/alfombras\/capri\/","title":{"rendered":"capri"},"content":{"rendered":"<p>Medidas (m):<br \/>\n1,50 \u00d7 2,00<br \/>\n2,00 \u00d7 2,50<br \/>\n2,00 \u00d7 3,00<br \/>\n2,00 \u00d7 3,50<br \/>\n2,50 \u00d7 3,50<br \/>\n3,00 \u00d7 4,00<\/p>\n<p>4 bordes doblados:<br \/>\n1,40 \u00d7 1,90<br \/>\n1,90 \u00d7 2,40<br \/>\n1,90 \u00d7 2,90<br \/>\n1,90 \u00d7 3,40<br \/>\n2,40 \u00d7 3,40<br \/>\n2,90 \u00d7 3,90<\/p>\n<p>A medida:<br \/>\nDisponible bajo pedido.<\/p>\n<p>Informaci\u00f3n adicional:<br \/>\nNo raya el piso<br \/>\nProducto lavable<br \/>\nAlta resistencia a la decoloraci\u00f3n<\/p>\n<p>Caracter\u00edsticas t\u00e9cnicas:<br \/>\nAltura: 8 mm<br \/>\nSistema de fabricaci\u00f3n: Jacquard<br \/>\nAspecto de la superficie: Boucl\u00e9<br \/>\nComposici\u00f3n de la superficie: 84% Hilo Roselan\u00ae \u2013 16% Poli\u00e9ster<br \/>\nAcabado: Ribete y borde doblado en 2 extremos o 4 bordes doblados<\/p>\n","protected":false},"excerpt":{"rendered":"<p>Medidas (m): 1,50 \u00d7 2,00 2,00 \u00d7 2,50 2,00 \u00d7 3,00 2,00 \u00d7 3,50 2,50 \u00d7 3,50 3,00 \u00d7 4,00 4 bordes doblados: 1,40 \u00d7 1,90 1,90 \u00d7 2,40 1,90 \u00d7 2,90 1,90 \u00d7 3,40 2,40 \u00d7 3,40 2,90 \u00d7 3,90 A medida: Disponible bajo pedido. Informaci\u00f3n adicional: No raya el piso Producto lavable Alta [&hellip;]<\/p>\n","protected":false},"featured_media":2023,"comment_status":"closed","ping_status":"closed","template":"","meta":{"_et_pb_use_builder":"","_et_pb_old_content":"","_et_gb_content_width":""},"product_brand":[],"product_cat":[26],"product_tag":[38],"class_list":{"0":"post-1514","1":"product","2":"type-product","3":"status-publish","4":"has-post-thumbnail","6":"product_cat-alfombras","7":"product_tag-9_fotos","9":"first","10":"instock","11":"product-type-simple"},"_links":{"self":[{"href":"https:\/\/barsante.com.ar\/disegno\/wp-json\/wp\/v2\/product\/1514","targetHints":{"allow":["GET"]}}],"collection":[{"href":"https:\/\/barsante.com.ar\/disegno\/wp-json\/wp\/v2\/product"}],"about":[{"href":"https:\/\/barsante.com.ar\/disegno\/wp-json\/wp\/v2\/types\/product"}],"replies":[{"embeddable":true,"href":"https:\/\/barsante.com.ar\/disegno\/wp-json\/wp\/v2\/comments?post=1514"}],"wp:featuredmedia":[{"embeddable":true,"href":"https:\/\/barsante.com.ar\/disegno\/wp-json\/wp\/v2\/media\/2023"}],"wp:attachment":[{"href":"https:\/\/barsante.com.ar\/disegno\/wp-json\/wp\/v2\/media?parent=1514"}],"wp:term":[{"taxonomy":"product_brand","embeddable":true,"href":"https:\/\/barsante.com.ar\/disegno\/wp-json\/wp\/v2\/product_brand?post=1514"},{"taxonomy":"product_cat","embeddable":true,"href":"https:\/\/barsante.com.ar\/disegno\/wp-json\/wp\/v2\/product_cat?post=1514"},{"taxonomy":"product_tag","embeddable":true,"href":"https:\/\/barsante.com.ar\/disegno\/wp-json\/wp\/v2\/product_tag?post=1514"}],"curies":[{"name":"wp","href":"https:\/\/api.w.org\/{rel}","templated":true}]}}