{"id":1517,"date":"2025-08-15T17:42:00","date_gmt":"2025-08-15T17:42:00","guid":{"rendered":"http:\/\/barsante.com.ar\/disegno\/producto\/sin%20categor\u00eda\/lusso\/"},"modified":"2025-08-20T15:18:20","modified_gmt":"2025-08-20T15:18:20","slug":"lusso","status":"publish","type":"product","link":"https:\/\/barsante.com.ar\/disegno\/producto\/alfombras\/lusso\/","title":{"rendered":"lusso"},"content":{"rendered":"<p>Medidas (m):<br \/>\n0,50 \u00d7 1,00<br \/>\n0,66 \u00d7 1,20<br \/>\n1,00 \u00d7 1,50<br \/>\n1,00 \u00d7 1,60<br \/>\n1,50 \u00d7 2,00<br \/>\n1,50 \u00d7 2,50<br \/>\n2,00 \u00d7 2,50<br \/>\n2,00 \u00d7 3,00<br \/>\n2,50 \u00d7 3,00<br \/>\n2,50 \u00d7 3,50<\/p>\n<p>Grandes medidas (m):<br \/>\n3,00 \u00d7 4,00<br \/>\n4,00 \u00d7 5,00<br \/>\n4,00 \u00d7 6,00<\/p>\n<p>Redondo:<br \/>\n\u00d8 1,40<\/p>\n<p>Pasillos (m):<br \/>\n0,66 \u00d7 1,80<br \/>\n0,66 \u00d7 2,40<br \/>\n0,75 \u00d7 1,80<br \/>\n0,75 \u00d7 2,40<\/p>\n<p>Pasaderas (m):<br \/>\n0,66 \u00d7 30,00<br \/>\n0,75 \u00d7 30,00<\/p>\n<p>A medida:<br \/>\nDisponible bajo pedido.<\/p>\n<p>Informaci\u00f3n adicional:<br \/>\nNo raya el piso<br \/>\nProducto lavable<br \/>\nAlta resistencia a la decoloraci\u00f3n<br \/>\nBase antideslizante<\/p>\n<p>Caracter\u00edsticas t\u00e9cnicas:<br \/>\nEspesor: 6 mm<br \/>\nSistema de fabricaci\u00f3n: Jacquard<br \/>\nAspecto de la superficie: Boucl\u00e9<br \/>\nComposici\u00f3n de la superficie: 100% Hilo Roselan\u00ae<br \/>\nAcabado: Ribete y barra doblada en 2 extremos<\/p>\n","protected":false},"excerpt":{"rendered":"<p>Medidas (m): 0,50 \u00d7 1,00 0,66 \u00d7 1,20 1,00 \u00d7 1,50 1,00 \u00d7 1,60 1,50 \u00d7 2,00 1,50 \u00d7 2,50 2,00 \u00d7 2,50 2,00 \u00d7 3,00 2,50 \u00d7 3,00 2,50 \u00d7 3,50 Grandes medidas (m): 3,00 \u00d7 4,00 4,00 \u00d7 5,00 4,00 \u00d7 6,00 Redondo: \u00d8 1,40 Pasillos (m): 0,66 \u00d7 1,80 0,66 \u00d7 2,40 [&hellip;]<\/p>\n","protected":false},"featured_media":2028,"comment_status":"closed","ping_status":"closed","template":"","meta":{"_et_pb_use_builder":"","_et_pb_old_content":"","_et_gb_content_width":""},"product_brand":[],"product_cat":[26],"product_tag":[38],"class_list":{"0":"post-1517","1":"product","2":"type-product","3":"status-publish","4":"has-post-thumbnail","6":"product_cat-alfombras","7":"product_tag-9_fotos","9":"first","10":"instock","11":"product-type-simple"},"_links":{"self":[{"href":"https:\/\/barsante.com.ar\/disegno\/wp-json\/wp\/v2\/product\/1517","targetHints":{"allow":["GET"]}}],"collection":[{"href":"https:\/\/barsante.com.ar\/disegno\/wp-json\/wp\/v2\/product"}],"about":[{"href":"https:\/\/barsante.com.ar\/disegno\/wp-json\/wp\/v2\/types\/product"}],"replies":[{"embeddable":true,"href":"https:\/\/barsante.com.ar\/disegno\/wp-json\/wp\/v2\/comments?post=1517"}],"wp:featuredmedia":[{"embeddable":true,"href":"https:\/\/barsante.com.ar\/disegno\/wp-json\/wp\/v2\/media\/2028"}],"wp:attachment":[{"href":"https:\/\/barsante.com.ar\/disegno\/wp-json\/wp\/v2\/media?parent=1517"}],"wp:term":[{"taxonomy":"product_brand","embeddable":true,"href":"https:\/\/barsante.com.ar\/disegno\/wp-json\/wp\/v2\/product_brand?post=1517"},{"taxonomy":"product_cat","embeddable":true,"href":"https:\/\/barsante.com.ar\/disegno\/wp-json\/wp\/v2\/product_cat?post=1517"},{"taxonomy":"product_tag","embeddable":true,"href":"https:\/\/barsante.com.ar\/disegno\/wp-json\/wp\/v2\/product_tag?post=1517"}],"curies":[{"name":"wp","href":"https:\/\/api.w.org\/{rel}","templated":true}]}}