{"id":1519,"date":"2025-08-15T17:42:00","date_gmt":"2025-08-15T17:42:00","guid":{"rendered":"http:\/\/barsante.com.ar\/disegno\/producto\/sin%20categor\u00eda\/ravella\/"},"modified":"2025-12-31T13:55:41","modified_gmt":"2025-12-31T13:55:41","slug":"ravella","status":"publish","type":"product","link":"https:\/\/barsante.com.ar\/disegno\/producto\/alfombras\/ravella\/","title":{"rendered":"ravella"},"content":{"rendered":"<p>Medidas (m):<\/p>\n<p>0,95 \u00d7 1,50<br \/>\n1,50 \u00d7 1,95<br \/>\n1,95 \u00d7 2,50<br \/>\n1,95 \u00d7 3,00<\/p>\n<p>Grandes medidas:<\/p>\n<p>3,00 \u00d7 3,95<br \/>\n3,95 \u00d7 5,00<br \/>\n3,95 \u00d7 6,00<\/p>\n<p>Redondos:<br \/>\n\u00d8 1,90<\/p>\n<p>4 bordes doblados:<br \/>\n1,90 \u00d7 2,40<br \/>\n1,90 \u00d7 2,90<br \/>\n2,90 \u00d7 3,90<\/p>\n<p>Org\u00e1nico:<br \/>\n1,45 \u00d7 1,95<br \/>\n1,95 \u00d7 2,95<br \/>\n2,95 \u00d7 3,95<\/p>\n<p>Esquinas:<br \/>\n1,50 \u00d7 2,00<br \/>\n2,00 \u00d7 3,00<br \/>\n3,00 \u00d7 4,00<\/p>\n<p>A medida:<br \/>\nDisponible bajo pedido.<\/p>\n<p>Informaci\u00f3n adicional:<br \/>\nProtecci\u00f3n anti\u00e1caros<br \/>\nProtecci\u00f3n antiviral<br \/>\nNo raya el piso<br \/>\nProducto lavable<br \/>\nAlta resistencia a la decoloraci\u00f3n<\/p>\n<p>Caracter\u00edsticas t\u00e9cnicas:<br \/>\nEspesor: 15 mm<br \/>\nSistema de fabricaci\u00f3n: Tufting<br \/>\nAspecto de la superficie: Terciopelo<br \/>\nComposici\u00f3n de la superficie: 100% Hilo Roselan\u00ae<br \/>\nAcabado: Micro ribete o borde doblado<\/p>\n","protected":false},"excerpt":{"rendered":"<p>Medidas (m): 0,95 \u00d7 1,50 1,50 \u00d7 1,95 1,95 \u00d7 2,50 1,95 \u00d7 3,00 Grandes medidas: 3,00 \u00d7 3,95 3,95 \u00d7 5,00 3,95 \u00d7 6,00 Redondos: \u00d8 1,90 4 bordes doblados: 1,90 \u00d7 2,40 1,90 \u00d7 2,90 2,90 \u00d7 3,90 Org\u00e1nico: 1,45 \u00d7 1,95 1,95 \u00d7 2,95 2,95 \u00d7 3,95 Esquinas: 1,50 \u00d7 2,00 2,00 [&hellip;]<\/p>\n","protected":false},"featured_media":2033,"comment_status":"closed","ping_status":"closed","template":"","meta":{"_et_pb_use_builder":"","_et_pb_old_content":"","_et_gb_content_width":""},"product_brand":[],"product_cat":[26],"product_tag":[38],"class_list":{"0":"post-1519","1":"product","2":"type-product","3":"status-publish","4":"has-post-thumbnail","6":"product_cat-alfombras","7":"product_tag-9_fotos","9":"first","10":"instock","11":"product-type-simple"},"_links":{"self":[{"href":"https:\/\/barsante.com.ar\/disegno\/wp-json\/wp\/v2\/product\/1519","targetHints":{"allow":["GET"]}}],"collection":[{"href":"https:\/\/barsante.com.ar\/disegno\/wp-json\/wp\/v2\/product"}],"about":[{"href":"https:\/\/barsante.com.ar\/disegno\/wp-json\/wp\/v2\/types\/product"}],"replies":[{"embeddable":true,"href":"https:\/\/barsante.com.ar\/disegno\/wp-json\/wp\/v2\/comments?post=1519"}],"wp:featuredmedia":[{"embeddable":true,"href":"https:\/\/barsante.com.ar\/disegno\/wp-json\/wp\/v2\/media\/2033"}],"wp:attachment":[{"href":"https:\/\/barsante.com.ar\/disegno\/wp-json\/wp\/v2\/media?parent=1519"}],"wp:term":[{"taxonomy":"product_brand","embeddable":true,"href":"https:\/\/barsante.com.ar\/disegno\/wp-json\/wp\/v2\/product_brand?post=1519"},{"taxonomy":"product_cat","embeddable":true,"href":"https:\/\/barsante.com.ar\/disegno\/wp-json\/wp\/v2\/product_cat?post=1519"},{"taxonomy":"product_tag","embeddable":true,"href":"https:\/\/barsante.com.ar\/disegno\/wp-json\/wp\/v2\/product_tag?post=1519"}],"curies":[{"name":"wp","href":"https:\/\/api.w.org\/{rel}","templated":true}]}}