{"id":1522,"date":"2025-08-15T17:42:00","date_gmt":"2025-08-15T17:42:00","guid":{"rendered":"http:\/\/barsante.com.ar\/disegno\/producto\/sin%20categor\u00eda\/venezia\/"},"modified":"2025-08-20T15:24:27","modified_gmt":"2025-08-20T15:24:27","slug":"venezia","status":"publish","type":"product","link":"https:\/\/barsante.com.ar\/disegno\/producto\/alfombras\/venezia\/","title":{"rendered":"venezia"},"content":{"rendered":"<p>Medidas (m):<br \/>\n1,50 \u00d7 2,00<br \/>\n2,00 \u00d7 2,50<br \/>\n2,00 \u00d7 3,00<br \/>\n2,00 \u00d7 3,50<br \/>\n2,50 \u00d7 3,50<br \/>\n3,00 \u00d7 4,00<\/p>\n<p>Informaci\u00f3n adicional:<br \/>\nProtecci\u00f3n anti\u00e1caros<br \/>\nProducto lavable<br \/>\nAlta resistencia a la decoloraci\u00f3n<\/p>\n<p>Caracter\u00edsticas t\u00e9cnicas:<br \/>\nAltura: 7 mm<br \/>\nSistema de fabricaci\u00f3n: Jacquard<br \/>\nAspecto de la superficie: Terciopelo<br \/>\nComposici\u00f3n de la superficie: 87% Hilo Roselan\u00ae \u2013 13% Poli\u00e9ster<br \/>\nAcabado: Ribete y barra doblada en 2 extremos<br \/>\nMedida 3,00 \u00d7 4,00 con ribete en los 4 lados.<\/p>\n","protected":false},"excerpt":{"rendered":"<p>Medidas (m): 1,50 \u00d7 2,00 2,00 \u00d7 2,50 2,00 \u00d7 3,00 2,00 \u00d7 3,50 2,50 \u00d7 3,50 3,00 \u00d7 4,00 Informaci\u00f3n adicional: Protecci\u00f3n anti\u00e1caros Producto lavable Alta resistencia a la decoloraci\u00f3n Caracter\u00edsticas t\u00e9cnicas: Altura: 7 mm Sistema de fabricaci\u00f3n: Jacquard Aspecto de la superficie: Terciopelo Composici\u00f3n de la superficie: 87% Hilo Roselan\u00ae \u2013 13% Poli\u00e9ster [&hellip;]<\/p>\n","protected":false},"featured_media":2039,"comment_status":"closed","ping_status":"closed","template":"","meta":{"_et_pb_use_builder":"","_et_pb_old_content":"","_et_gb_content_width":""},"product_brand":[],"product_cat":[26],"product_tag":[38],"class_list":{"0":"post-1522","1":"product","2":"type-product","3":"status-publish","4":"has-post-thumbnail","6":"product_cat-alfombras","7":"product_tag-9_fotos","9":"first","10":"instock","11":"product-type-simple"},"_links":{"self":[{"href":"https:\/\/barsante.com.ar\/disegno\/wp-json\/wp\/v2\/product\/1522","targetHints":{"allow":["GET"]}}],"collection":[{"href":"https:\/\/barsante.com.ar\/disegno\/wp-json\/wp\/v2\/product"}],"about":[{"href":"https:\/\/barsante.com.ar\/disegno\/wp-json\/wp\/v2\/types\/product"}],"replies":[{"embeddable":true,"href":"https:\/\/barsante.com.ar\/disegno\/wp-json\/wp\/v2\/comments?post=1522"}],"wp:featuredmedia":[{"embeddable":true,"href":"https:\/\/barsante.com.ar\/disegno\/wp-json\/wp\/v2\/media\/2039"}],"wp:attachment":[{"href":"https:\/\/barsante.com.ar\/disegno\/wp-json\/wp\/v2\/media?parent=1522"}],"wp:term":[{"taxonomy":"product_brand","embeddable":true,"href":"https:\/\/barsante.com.ar\/disegno\/wp-json\/wp\/v2\/product_brand?post=1522"},{"taxonomy":"product_cat","embeddable":true,"href":"https:\/\/barsante.com.ar\/disegno\/wp-json\/wp\/v2\/product_cat?post=1522"},{"taxonomy":"product_tag","embeddable":true,"href":"https:\/\/barsante.com.ar\/disegno\/wp-json\/wp\/v2\/product_tag?post=1522"}],"curies":[{"name":"wp","href":"https:\/\/api.w.org\/{rel}","templated":true}]}}