{"id":1536,"date":"2025-08-15T17:44:59","date_gmt":"2025-08-15T17:44:59","guid":{"rendered":"http:\/\/barsante.com.ar\/disegno\/producto\/sin%20categor\u00eda\/tizziano\/"},"modified":"2025-08-19T23:12:33","modified_gmt":"2025-08-19T23:12:33","slug":"tizziano","status":"publish","type":"product","link":"https:\/\/barsante.com.ar\/disegno\/producto\/espejos\/tizziano\/","title":{"rendered":"Tizziano"},"content":{"rendered":"<p>La l\u00ednea fue idealizada en R\u00edo de Janeiro, evocando la carpinter\u00eda atemporal de la vieja guardia y el ic\u00f3nico Cristo Redentor.<\/p>\n<p>Este espejo es el componente destacado de la l\u00ednea, trayendo consigo una reinterpretaci\u00f3n de una tabla de surf fijada sobre las arenas de R\u00edo.<\/p>\n<p>Son elementos de sectores distintos, pero que representan al pueblo vivido all\u00ed. Esta l\u00ednea rinde homenaje a una de las ciudades m\u00e1s hermosas del mundo.<\/p>\n","protected":false},"excerpt":{"rendered":"<p>La l\u00ednea fue idealizada en R\u00edo de Janeiro, evocando la carpinter\u00eda atemporal de la vieja guardia y el ic\u00f3nico Cristo Redentor. Este espejo es el componente destacado de la l\u00ednea, trayendo consigo una reinterpretaci\u00f3n de una tabla de surf fijada sobre las arenas de R\u00edo. Son elementos de sectores distintos, pero que representan al pueblo [&hellip;]<\/p>\n","protected":false},"featured_media":1609,"comment_status":"closed","ping_status":"closed","template":"","meta":{"_et_pb_use_builder":"","_et_pb_old_content":"","_et_gb_content_width":""},"product_brand":[],"product_cat":[23],"product_tag":[41],"class_list":{"0":"post-1536","1":"product","2":"type-product","3":"status-publish","4":"has-post-thumbnail","6":"product_cat-espejos","7":"product_tag-0_fotos","9":"first","10":"instock","11":"product-type-simple"},"_links":{"self":[{"href":"https:\/\/barsante.com.ar\/disegno\/wp-json\/wp\/v2\/product\/1536","targetHints":{"allow":["GET"]}}],"collection":[{"href":"https:\/\/barsante.com.ar\/disegno\/wp-json\/wp\/v2\/product"}],"about":[{"href":"https:\/\/barsante.com.ar\/disegno\/wp-json\/wp\/v2\/types\/product"}],"replies":[{"embeddable":true,"href":"https:\/\/barsante.com.ar\/disegno\/wp-json\/wp\/v2\/comments?post=1536"}],"wp:featuredmedia":[{"embeddable":true,"href":"https:\/\/barsante.com.ar\/disegno\/wp-json\/wp\/v2\/media\/1609"}],"wp:attachment":[{"href":"https:\/\/barsante.com.ar\/disegno\/wp-json\/wp\/v2\/media?parent=1536"}],"wp:term":[{"taxonomy":"product_brand","embeddable":true,"href":"https:\/\/barsante.com.ar\/disegno\/wp-json\/wp\/v2\/product_brand?post=1536"},{"taxonomy":"product_cat","embeddable":true,"href":"https:\/\/barsante.com.ar\/disegno\/wp-json\/wp\/v2\/product_cat?post=1536"},{"taxonomy":"product_tag","embeddable":true,"href":"https:\/\/barsante.com.ar\/disegno\/wp-json\/wp\/v2\/product_tag?post=1536"}],"curies":[{"name":"wp","href":"https:\/\/api.w.org\/{rel}","templated":true}]}}